{"id":36731,"date":"2023-02-22T09:10:13","date_gmt":"2023-02-22T08:10:13","guid":{"rendered":"https:\/\/www.iplhoses.com\/?page_id=36731"},"modified":"2023-02-28T12:38:55","modified_gmt":"2023-02-28T11:38:55","slug":"raspredelitelnaya-set","status":"publish","type":"page","link":"https:\/\/www.iplhoses.com\/ru\/raspredelitelnaya-set\/","title":{"rendered":"\u0420\u0410\u0421\u041f\u0420\u041e\u0414\u0410\u0416\u0410"},"content":{"rendered":"<div id=\"cmsmasters_row_5jkiwz6jt8\" class=\"cmsmasters_row cmsmasters_color_scheme_default cmsmasters_row_top_default cmsmasters_row_bot_default cmsmasters_row_boxed\">\n<div class=\"cmsmasters_row_outer_parent\">\n<div class=\"cmsmasters_row_outer\">\n<div class=\"cmsmasters_row_inner\">\n<div class=\"cmsmasters_row_margin\">\n<div id=\"cmsmasters_column_x7y4won1uu\" class=\"cmsmasters_column one_first\">\n<div class=\"cmsmasters_column_inner\"><div class=\"cmsmasters_text\">\n<h2 style=\"font-weight: 600; color: #000; font-size: 20px; font-family: Roboto, sans-serif;\">QUALIT\u00c0 ITALIANA GARANTITA NEL MONDO<\/h2>\n<p style=\"color: #7a7a7a;\">IPL fornisce i propri prodotti e servizi in oltre 100 Paesi, attraverso una rete distributiva globale ed \u00e8 presente direttamente grazie a IPL UK Ltd, una filiale attiva da oltre 10 anni nelle West Midlands, alla pi\u00f9 recente IPL Mangueras T\u00e9cnicas S.L., inaugurata nel 2020 a Barcellona e alla filiale cinese IPL Industrial Hoses (Shanghai) Co. Ltd, avviata nella primavera del 2012.<\/p>\n<p style=\"color: #7a7a7a;\">Nel corso degli anni l&#8217;azienda ha ampliato i propri confini, esportando il proprio brand in tutto il mondo e consolidando le partnership esistenti.<\/p>\n<p style=\"color: #7a7a7a;\">Oggi IPL \u00e8 fermamente intenzionata a continuare a rafforzare la propria rete di vendita, per garantire un servizio sempre pi\u00f9 efficiente.<\/p>\n<\/div>\n<\/div><\/div>\n<\/div>\n<\/div>\n<\/div>\n<\/div>\n<\/div>\n<div id=\"cmsmasters_row_2lz4najvle\" class=\"cmsmasters_row cmsmasters_color_scheme_default cmsmasters_row_top_default cmsmasters_row_bot_default cmsmasters_row_boxed\">\n<div class=\"cmsmasters_row_outer_parent\">\n<div class=\"cmsmasters_row_outer\">\n<div class=\"cmsmasters_row_inner\">\n<div class=\"cmsmasters_row_margin\">\n<div id=\"cmsmasters_column_ci5ljs508j\" class=\"cmsmasters_column one_first\">\n<div class=\"cmsmasters_column_inner\"><div class=\"custom_html\">\n<div class=\"gMapButtons\">\n                    <a href=\"\/ru\/raspredelitelnaya-set\/?i=1\" id=\"mappaItalia\" class=\"btn btn-map btn-active first\">IPL IN ITALIA<\/a><br \/>\n                    <a href=\"\/ru\/raspredelitelnaya-set\/?i=2\" id=\"mappaMondo\" class=\"btn btn-map\">IPL NEL MONDO<\/a>\n                <\/div>\n<\/div>\n<\/div><\/div>\n<\/div>\n<\/div>\n<\/div>\n<\/div>\n<\/div>\n<div id=\"cmsmasters_row_b3b4t0wdt\" class=\"cmsmasters_row cmsmasters_color_scheme_default cmsmasters_row_top_default cmsmasters_row_bot_default cmsmasters_row_boxed\">\n<div class=\"cmsmasters_row_outer_parent\">\n<div class=\"cmsmasters_row_outer\">\n<div class=\"cmsmasters_row_inner\">\n<div class=\"cmsmasters_row_margin\">\n<div id=\"cmsmasters_column_o2cdggkwmy\" class=\"cmsmasters_column one_first\">\n<div class=\"cmsmasters_column_inner\"><div class=\"custom_html\">\n<div id=\"gMap\" class=\"gMap\"><\/div>\n<\/div>\n<\/div><\/div>\n<\/div>\n<\/div>\n<\/div>\n<\/div>\n<\/div>\n\n","protected":false},"excerpt":{"rendered":"","protected":false},"author":1,"featured_media":0,"parent":0,"menu_order":0,"comment_status":"closed","ping_status":"closed","template":"","meta":{"_FSMCFIC_featured_image_caption":"","_FSMCFIC_featured_image_nocaption":"","_FSMCFIC_featured_image_hide":"","footnotes":""},"class_list":["post-36731","page","type-page","status-publish","hentry"],"acf":[],"_links":{"self":[{"href":"https:\/\/www.iplhoses.com\/ru\/wp-json\/wp\/v2\/pages\/36731","targetHints":{"allow":["GET"]}}],"collection":[{"href":"https:\/\/www.iplhoses.com\/ru\/wp-json\/wp\/v2\/pages"}],"about":[{"href":"https:\/\/www.iplhoses.com\/ru\/wp-json\/wp\/v2\/types\/page"}],"author":[{"embeddable":true,"href":"https:\/\/www.iplhoses.com\/ru\/wp-json\/wp\/v2\/users\/1"}],"replies":[{"embeddable":true,"href":"https:\/\/www.iplhoses.com\/ru\/wp-json\/wp\/v2\/comments?post=36731"}],"version-history":[{"count":4,"href":"https:\/\/www.iplhoses.com\/ru\/wp-json\/wp\/v2\/pages\/36731\/revisions"}],"predecessor-version":[{"id":36911,"href":"https:\/\/www.iplhoses.com\/ru\/wp-json\/wp\/v2\/pages\/36731\/revisions\/36911"}],"wp:attachment":[{"href":"https:\/\/www.iplhoses.com\/ru\/wp-json\/wp\/v2\/media?parent=36731"}],"curies":[{"name":"wp","href":"https:\/\/api.w.org\/{rel}","templated":true}]}}