{"id":36691,"date":"2023-02-22T08:47:57","date_gmt":"2023-02-22T07:47:57","guid":{"rendered":"https:\/\/www.iplhoses.com\/?page_id=36691"},"modified":"2023-02-28T12:37:50","modified_gmt":"2023-02-28T11:37:50","slug":"reseau-de-distribution","status":"publish","type":"page","link":"https:\/\/www.iplhoses.com\/fr\/reseau-de-distribution\/","title":{"rendered":"DISTRIBUTION"},"content":{"rendered":"<div id=\"cmsmasters_row_08b9kl1uhb\" class=\"cmsmasters_row cmsmasters_color_scheme_default cmsmasters_row_top_default cmsmasters_row_bot_default cmsmasters_row_boxed\">\n<div class=\"cmsmasters_row_outer_parent\">\n<div class=\"cmsmasters_row_outer\">\n<div class=\"cmsmasters_row_inner\">\n<div class=\"cmsmasters_row_margin\">\n<div id=\"cmsmasters_column_qpu4peqwkr\" class=\"cmsmasters_column one_first\">\n<div class=\"cmsmasters_column_inner\"><div class=\"cmsmasters_text\">\n<h2 style=\"font-weight: 600; color: #000; font-size: 20px; font-family: Roboto, sans-serif;\">QUALIT\u00c9 ITALIENNE GARANTIE DANS LE MONDE ENTIER<\/h2>\n<p style=\"color: #7a7a7a;\">IPL fournit ses produits et services dans plus de 100 pays par l&rsquo;interm\u00e9diaire d&rsquo;un r\u00e9seau de distribution mondial et est directement pr\u00e9sent par l&rsquo;interm\u00e9diaire d&rsquo;IPL UK Ltd, une filiale active depuis plus de 10 ans dans les West Midlands, de la plus r\u00e9cente IPL Mangueras T\u00e9cnicas S.L., ouverte en 2020 \u00e0 Barcelone et de la filiale chinoise IPL Industrial Hoses (Shanghai) Co. Ltd, lanc\u00e9e au printemps 2012.<\/p>\n<p style=\"color: #7a7a7a;\">Au fil des ans, l&rsquo;entreprise a \u00e9largi ses fronti\u00e8res, exportant sa marque dans le monde entier et consolidant les partenariats existants.<\/p>\n<p style=\"color: #7a7a7a;\">Aujourd&rsquo;hui, IPL s&rsquo;engage fermement \u00e0 poursuivre le renforcement de son r\u00e9seau commercial afin de garantir un service encore plus efficace.<\/p>\n<\/div>\n<\/div><\/div>\n<\/div>\n<\/div>\n<\/div>\n<\/div>\n<\/div>\n<div id=\"cmsmasters_row_lfwlm47lbm\" class=\"cmsmasters_row cmsmasters_color_scheme_default cmsmasters_row_top_default cmsmasters_row_bot_default cmsmasters_row_boxed\">\n<div class=\"cmsmasters_row_outer_parent\">\n<div class=\"cmsmasters_row_outer\">\n<div class=\"cmsmasters_row_inner\">\n<div class=\"cmsmasters_row_margin\">\n<div id=\"cmsmasters_column_hxv09l9rp\" class=\"cmsmasters_column one_first\">\n<div class=\"cmsmasters_column_inner\"><div class=\"custom_html\">\n<div class=\"gMapButtons\">\n                    <a href=\"\/fr\/reseau-de-distribution\/?i=1\" id=\"mappaItalia\" class=\"btn btn-map btn-active first\">IPL IN ITALIA<\/a><br \/>\n                    <a href=\"\/fr\/reseau-de-distribution\/?i=2\" id=\"mappaMondo\" class=\"btn btn-map\">IPL NEL MONDO<\/a>\n                <\/div>\n<\/div>\n<\/div><\/div>\n<\/div>\n<\/div>\n<\/div>\n<\/div>\n<\/div>\n<div id=\"cmsmasters_row_t6od3zurwq\" class=\"cmsmasters_row cmsmasters_color_scheme_default cmsmasters_row_top_default cmsmasters_row_bot_default cmsmasters_row_boxed\">\n<div class=\"cmsmasters_row_outer_parent\">\n<div class=\"cmsmasters_row_outer\">\n<div class=\"cmsmasters_row_inner\">\n<div class=\"cmsmasters_row_margin\">\n<div id=\"cmsmasters_column_51v7f40r5\" class=\"cmsmasters_column one_first\">\n<div class=\"cmsmasters_column_inner\"><div class=\"custom_html\">\n<div id=\"gMap\" class=\"gMap\"><\/div>\n<\/div>\n<\/div><\/div>\n<\/div>\n<\/div>\n<\/div>\n<\/div>\n<\/div>\n\n","protected":false},"excerpt":{"rendered":"","protected":false},"author":1,"featured_media":0,"parent":0,"menu_order":0,"comment_status":"closed","ping_status":"closed","template":"","meta":{"_FSMCFIC_featured_image_caption":"","_FSMCFIC_featured_image_nocaption":"","_FSMCFIC_featured_image_hide":"","footnotes":""},"class_list":["post-36691","page","type-page","status-publish","hentry"],"acf":[],"_links":{"self":[{"href":"https:\/\/www.iplhoses.com\/fr\/wp-json\/wp\/v2\/pages\/36691","targetHints":{"allow":["GET"]}}],"collection":[{"href":"https:\/\/www.iplhoses.com\/fr\/wp-json\/wp\/v2\/pages"}],"about":[{"href":"https:\/\/www.iplhoses.com\/fr\/wp-json\/wp\/v2\/types\/page"}],"author":[{"embeddable":true,"href":"https:\/\/www.iplhoses.com\/fr\/wp-json\/wp\/v2\/users\/1"}],"replies":[{"embeddable":true,"href":"https:\/\/www.iplhoses.com\/fr\/wp-json\/wp\/v2\/comments?post=36691"}],"version-history":[{"count":4,"href":"https:\/\/www.iplhoses.com\/fr\/wp-json\/wp\/v2\/pages\/36691\/revisions"}],"predecessor-version":[{"id":36910,"href":"https:\/\/www.iplhoses.com\/fr\/wp-json\/wp\/v2\/pages\/36691\/revisions\/36910"}],"wp:attachment":[{"href":"https:\/\/www.iplhoses.com\/fr\/wp-json\/wp\/v2\/media?parent=36691"}],"curies":[{"name":"wp","href":"https:\/\/api.w.org\/{rel}","templated":true}]}}