{"id":30092,"date":"2018-06-05T12:21:57","date_gmt":"2018-06-05T10:21:57","guid":{"rendered":"https:\/\/stage.iplhoses.com\/news\/"},"modified":"2023-02-16T13:08:32","modified_gmt":"2023-02-16T12:08:32","slug":"nouvelles","status":"publish","type":"page","link":"https:\/\/www.iplhoses.com\/fr\/nouvelles\/","title":{"rendered":"NOUVELLES"},"content":{"rendered":"<div id=\"cmsmasters_row_\" class=\"cmsmasters_row cmsmasters_color_scheme_default cmsmasters_row_top_default cmsmasters_row_bot_default cmsmasters_row_boxed\">\n<div class=\"cmsmasters_row_outer_parent\">\n<div class=\"cmsmasters_row_outer\">\n<div class=\"cmsmasters_row_inner\">\n<div class=\"cmsmasters_row_margin\">\n<div id=\"cmsmasters_column_\" class=\"cmsmasters_column one_first\">\n<div class=\"cmsmasters_column_inner\"><div class=\"cmsmasters_text\">\n<p>Da quasi 50 anni IPLDepuis pr\u00e8s de 50 ans, IPL op\u00e8re dans les secteurs industriel et alimentaire avec une large gamme de produits, r\u00e9pondant aux normes de qualit\u00e9 les plus \u00e9lev\u00e9es et r\u00e9pondant avec pr\u00e9cision, flexibilit\u00e9 et efficacit\u00e9 aux exigences changeantes des clients<\/p>\n<\/p>\n<\/div>\n<\/div><\/div>\n<\/div>\n<\/div>\n<\/div>\n<\/div>\n<\/div>\n<div id=\"cmsmasters_row_phqaq3scw6\" class=\"cmsmasters_row cmsmasters_color_scheme_default cmsmasters_row_top_default cmsmasters_row_bot_default cmsmasters_row_boxed\">\n<div class=\"cmsmasters_row_outer_parent\">\n<div class=\"cmsmasters_row_outer\">\n<div class=\"cmsmasters_row_inner\">\n<div class=\"cmsmasters_row_margin\">\n<div id=\"cmsmasters_column_q5n6vf5s4u\" class=\"cmsmasters_column one_first\">\n<div class=\"cmsmasters_column_inner\"><div id=\"blog_1ww4kogmys\" class=\"cmsmasters_wrap_blog entry-summary\" data-layout=\"columns\" data-layout-mode=\"grid\" data-url=\"https:\/\/www.iplhoses.com\/wp-content\/plugins\/cmsmasters-content-composer\/\" data-orderby=\"date\" data-order=\"DESC\" data-count=\"12\" data-categories=\"\" data-metadata=\"categories,more\" data-pagination=\"pagination\"><div class=\"blog columns grid cmsmasters_2\"><!-- Start Post Masonry Article -->\r\n<article id=\"post-50316\" class=\"cmsmasters_post_masonry post-50316 post type-post status-publish format-standard has-post-thumbnail hentry\" data-category=\"\">\r\n\t<div class=\"cmsmasters_post_cont_wrap\">\r\n\t\t<div class=\"cmsmasters_post_cont\">\r\n\t\t\t<div class=\"cmsmasters_date_img_wrap\"><figure class=\"cmsmasters_img_wrap\"><a href=\"https:\/\/www.iplhoses.com\/fr\/im-2026-18-20-march-2026-unity-arena-fornebu\/\" title=\"IM 2026 | 18\u201320 March 2026 \u2013 Unity Arena \u2013 Fornebu\" class=\"cmsmasters_img_link preloader\"><img decoding=\"async\" width=\"580\" height=\"370\" src=\"https:\/\/www.iplhoses.com\/wp-content\/uploads\/2026\/03\/foto-per-post-tess-580x370.jpeg\" class=\"full-width wp-post-image\" alt=\"Stand IPL con rappresentanza TESS\" title=\"foto per post tess\" \/><\/a><\/figure><\/div>\t\t\t\r\n\t\t\t\r\n\t\t\t<div class=\"cmsmasters_post_cont_inner\">\r\n\t\t\t<header class=\"cmsmasters_post_header entry-header\"><h4 class=\"cmsmasters_post_title entry-title\"><a href=\"https:\/\/www.iplhoses.com\/fr\/im-2026-18-20-march-2026-unity-arena-fornebu\/\">IM 2026 | 18\u201320 March 2026 \u2013 Unity Arena \u2013 Fornebu<\/a><\/h4><\/header><div class=\"cmsmasters_post_content entry-content\">\n<p>Notre participation \u00e0 IM 2026, l&rsquo;\u00e9v\u00e9nement organis\u00e9 par Tess Logistik AS, notre partenaire de longue date en Norv\u00e8ge, s&rsquo;est achev\u00e9e \u00e0 notre...<\/p>\n<\/div>\n<div class=\"cmsmasters_post_read_more_wrap\"><a class=\"cmsmasters_post_read_more\" href=\"https:\/\/www.iplhoses.com\/fr\/im-2026-18-20-march-2026-unity-arena-fornebu\/\">Read More<\/a><\/div>\t\t\t<\/div>\r\n\t\t<\/div>\r\n\t<\/div>\r\n<\/article>\r\n<!-- Finish Post Masonry Article -->\r\n\r\n<!-- Start Post Masonry Article -->\r\n<article id=\"post-50202\" class=\"cmsmasters_post_masonry post-50202 post type-post status-publish format-standard has-post-thumbnail hentry\" data-category=\"\">\r\n\t<div class=\"cmsmasters_post_cont_wrap\">\r\n\t\t<div class=\"cmsmasters_post_cont\">\r\n\t\t\t<div class=\"cmsmasters_date_img_wrap\"><figure class=\"cmsmasters_img_wrap\"><a href=\"https:\/\/www.iplhoses.com\/fr\/special-plutone\/\" title=\"SP\u00c9CIAL PLUTONE\" class=\"cmsmasters_img_link preloader\"><img decoding=\"async\" width=\"580\" height=\"370\" src=\"https:\/\/www.iplhoses.com\/wp-content\/uploads\/2026\/01\/foto-cover-plutone-per-newsletter-580x370.jpg\" class=\"full-width wp-post-image\" alt=\"SP\u00c9CIAL PLUTONE\" title=\"foto cover plutone per newsletter\" \/><\/a><\/figure><\/div>\t\t\t\r\n\t\t\t\r\n\t\t\t<div class=\"cmsmasters_post_cont_inner\">\r\n\t\t\t<header class=\"cmsmasters_post_header entry-header\"><h4 class=\"cmsmasters_post_title entry-title\"><a href=\"https:\/\/www.iplhoses.com\/fr\/special-plutone\/\">SP\u00c9CIAL PLUTONE<\/a><\/h4><\/header><div class=\"cmsmasters_post_content entry-content\">\n<p>Les tuyaux flexibles IPL en PVC-P de la gamme PLUTONE sont depuis toujours synonymes d&rsquo;efficacit\u00e9 et de polyvalence dans tous les secteurs...<\/p>\n<\/div>\n<div class=\"cmsmasters_post_read_more_wrap\"><a class=\"cmsmasters_post_read_more\" href=\"https:\/\/www.iplhoses.com\/fr\/special-plutone\/\">Read More<\/a><\/div>\t\t\t<\/div>\r\n\t\t<\/div>\r\n\t<\/div>\r\n<\/article>\r\n<!-- Finish Post Masonry Article -->\r\n\r\n<!-- Start Post Masonry Article -->\r\n<article id=\"post-49618\" class=\"cmsmasters_post_masonry post-49618 post type-post status-publish format-standard has-post-thumbnail hentry\" data-category=\"\">\r\n\t<div class=\"cmsmasters_post_cont_wrap\">\r\n\t\t<div class=\"cmsmasters_post_cont\">\r\n\t\t\t<div class=\"cmsmasters_date_img_wrap\"><figure class=\"cmsmasters_img_wrap\"><a href=\"https:\/\/www.iplhoses.com\/fr\/ipl-flame-retardant-edition\/\" title=\"IPL FLAME RETARDANT EDITION\" class=\"cmsmasters_img_link preloader\"><img decoding=\"async\" width=\"580\" height=\"370\" src=\"https:\/\/www.iplhoses.com\/wp-content\/uploads\/2025\/09\/EDITION-WEB-NEWS-580x370.jpg\" class=\"full-width wp-post-image\" alt=\"IPL FLAME RETARDANT EDITION\" title=\"EDITION WEB NEWS\" \/><\/a><\/figure><\/div>\t\t\t\r\n\t\t\t\r\n\t\t\t<div class=\"cmsmasters_post_cont_inner\">\r\n\t\t\t<header class=\"cmsmasters_post_header entry-header\"><h4 class=\"cmsmasters_post_title entry-title\"><a href=\"https:\/\/www.iplhoses.com\/fr\/ipl-flame-retardant-edition\/\">IPL FLAME RETARDANT EDITION<\/a><\/h4><\/header><div class=\"cmsmasters_post_content entry-content\">\n<p>IPL \u00ab Flame Retardant Edition \u00bb est en cours \u2013 S\u00e9curit\u00e9 certifi\u00e9e maximale! IPL a le plaisir de pr\u00e9senter sa \u00ab Flame...<\/p>\n<\/div>\n<div class=\"cmsmasters_post_read_more_wrap\"><a class=\"cmsmasters_post_read_more\" href=\"https:\/\/www.iplhoses.com\/fr\/ipl-flame-retardant-edition\/\">Read More<\/a><\/div>\t\t\t<\/div>\r\n\t\t<\/div>\r\n\t<\/div>\r\n<\/article>\r\n<!-- Finish Post Masonry Article -->\r\n\r\n<!-- Start Post Masonry Article -->\r\n<article id=\"post-49057\" class=\"cmsmasters_post_masonry post-49057 post type-post status-publish format-standard has-post-thumbnail hentry\" data-category=\"\">\r\n\t<div class=\"cmsmasters_post_cont_wrap\">\r\n\t\t<div class=\"cmsmasters_post_cont\">\r\n\t\t\t<div class=\"cmsmasters_date_img_wrap\"><figure class=\"cmsmasters_img_wrap\"><a href=\"https:\/\/www.iplhoses.com\/fr\/tuyaux-spiralpress-en-pvc-p\/\" title=\"SP\u00c9CIAL SPIRALPRESS\" class=\"cmsmasters_img_link preloader\"><img decoding=\"async\" width=\"580\" height=\"370\" src=\"https:\/\/www.iplhoses.com\/wp-content\/uploads\/2025\/05\/SPECIAL-SPIRALPRESS-EDITION-580x370.jpg\" class=\"full-width wp-post-image\" alt=\"spiralpress wt hose in a fishfarm\" title=\"SPECIAL SPIRALPRESS EDITION\" \/><\/a><\/figure><\/div>\t\t\t\r\n\t\t\t\r\n\t\t\t<div class=\"cmsmasters_post_cont_inner\">\r\n\t\t\t<header class=\"cmsmasters_post_header entry-header\"><h4 class=\"cmsmasters_post_title entry-title\"><a href=\"https:\/\/www.iplhoses.com\/fr\/tuyaux-spiralpress-en-pvc-p\/\">SP\u00c9CIAL SPIRALPRESS<\/a><\/h4><\/header><div class=\"cmsmasters_post_content entry-content\">\n<p>IPL PROPOSE LA GAMME DE TUYAUX SPIRAL\u00c9S EN PVC-P, CON\u00c7US POUR SUPPORTER DES PRESSIONS \u00c9LEV\u00c9ES EN TOUTE S\u00c9CURIT\u00c9 ! Par rapport aux...<\/p>\n<\/div>\n<div class=\"cmsmasters_post_read_more_wrap\"><a class=\"cmsmasters_post_read_more\" href=\"https:\/\/www.iplhoses.com\/fr\/tuyaux-spiralpress-en-pvc-p\/\">Read More<\/a><\/div>\t\t\t<\/div>\r\n\t\t<\/div>\r\n\t<\/div>\r\n<\/article>\r\n<!-- Finish Post Masonry Article -->\r\n\r\n<!-- Start Post Masonry Article -->\r\n<article id=\"post-48988\" class=\"cmsmasters_post_masonry post-48988 post type-post status-publish format-standard has-post-thumbnail hentry\" data-category=\"\">\r\n\t<div class=\"cmsmasters_post_cont_wrap\">\r\n\t\t<div class=\"cmsmasters_post_cont\">\r\n\t\t\t<div class=\"cmsmasters_date_img_wrap\"><figure class=\"cmsmasters_img_wrap\"><a href=\"https:\/\/www.iplhoses.com\/fr\/grand-succes-de-ipl-a-im-2025\/\" title=\"GRAND SUCCES DE IPL A IM 2025\" class=\"cmsmasters_img_link preloader\"><img decoding=\"async\" width=\"580\" height=\"370\" src=\"https:\/\/www.iplhoses.com\/wp-content\/uploads\/2025\/04\/FOTO-2-580x370.jpg\" class=\"full-width wp-post-image\" alt=\"Domenico Trimboli, IPL Export Manager con Trond\" title=\"FOTO 2\" \/><\/a><\/figure><\/div>\t\t\t\r\n\t\t\t\r\n\t\t\t<div class=\"cmsmasters_post_cont_inner\">\r\n\t\t\t<header class=\"cmsmasters_post_header entry-header\"><h4 class=\"cmsmasters_post_title entry-title\"><a href=\"https:\/\/www.iplhoses.com\/fr\/grand-succes-de-ipl-a-im-2025\/\">GRAND SUCCES DE IPL A IM 2025<\/a><\/h4><\/header><div class=\"cmsmasters_post_content entry-content\">\n<p>Cette ann\u00e9e encore, IPL a particip\u00e9 \u00e0 l&rsquo;important \u00e9v\u00e9nement organis\u00e9 par la soci\u00e9t\u00e9 norv\u00e9gienne Tess, \u00e0 l&rsquo;Unity Arena de Fornebu. Le march\u00e9...<\/p>\n<\/div>\n<div class=\"cmsmasters_post_read_more_wrap\"><a class=\"cmsmasters_post_read_more\" href=\"https:\/\/www.iplhoses.com\/fr\/grand-succes-de-ipl-a-im-2025\/\">Read More<\/a><\/div>\t\t\t<\/div>\r\n\t\t<\/div>\r\n\t<\/div>\r\n<\/article>\r\n<!-- Finish Post Masonry Article -->\r\n\r\n<!-- Start Post Masonry Article -->\r\n<article id=\"post-48867\" class=\"cmsmasters_post_masonry post-48867 post type-post status-publish format-standard has-post-thumbnail hentry\" data-category=\"\">\r\n\t<div class=\"cmsmasters_post_cont_wrap\">\r\n\t\t<div class=\"cmsmasters_post_cont\">\r\n\t\t\t<div class=\"cmsmasters_date_img_wrap\"><figure class=\"cmsmasters_img_wrap\"><a href=\"https:\/\/www.iplhoses.com\/fr\/ipl-edition-abrasion\/\" title=\"IPL \u00c9DITION ABRASION\" class=\"cmsmasters_img_link preloader\"><img decoding=\"async\" width=\"580\" height=\"370\" src=\"https:\/\/www.iplhoses.com\/wp-content\/uploads\/2025\/01\/abrasion-edition-news-580x370.jpg\" class=\"full-width wp-post-image\" alt=\"IPL \u00c9DITION ABRASION\" title=\"abrasion edition news\" \/><\/a><\/figure><\/div>\t\t\t\r\n\t\t\t\r\n\t\t\t<div class=\"cmsmasters_post_cont_inner\">\r\n\t\t\t<header class=\"cmsmasters_post_header entry-header\"><h4 class=\"cmsmasters_post_title entry-title\"><a href=\"https:\/\/www.iplhoses.com\/fr\/ipl-edition-abrasion\/\">IPL \u00c9DITION ABRASION<\/a><\/h4><\/header><div class=\"cmsmasters_post_content entry-content\">\n<p>IPL a commenc\u00e9 la nouvelle ann\u00e9e au nom de la r\u00e9sistance \u00e0 l&rsquo;abrasion, en proposant sa large gamme de tuyaux en polyur\u00e9thane...<\/p>\n<\/div>\n<div class=\"cmsmasters_post_read_more_wrap\"><a class=\"cmsmasters_post_read_more\" href=\"https:\/\/www.iplhoses.com\/fr\/ipl-edition-abrasion\/\">Read More<\/a><\/div>\t\t\t<\/div>\r\n\t\t<\/div>\r\n\t<\/div>\r\n<\/article>\r\n<!-- Finish Post Masonry Article -->\r\n\r\n<!-- Start Post Masonry Article -->\r\n<article id=\"post-48654\" class=\"cmsmasters_post_masonry post-48654 post type-post status-publish format-standard has-post-thumbnail hentry\" data-category=\"\">\r\n\t<div class=\"cmsmasters_post_cont_wrap\">\r\n\t\t<div class=\"cmsmasters_post_cont\">\r\n\t\t\t<div class=\"cmsmasters_date_img_wrap\"><figure class=\"cmsmasters_img_wrap\"><a href=\"https:\/\/www.iplhoses.com\/fr\/la-nouvelle-edition-du-minicatalogue-ipl-bientot-disponible\/\" title=\"La nouvelle \u00e9dition du MINICATALOGUE IPL bient\u00f4t disponible !\" class=\"cmsmasters_img_link preloader\"><img decoding=\"async\" width=\"580\" height=\"370\" src=\"https:\/\/www.iplhoses.com\/wp-content\/uploads\/2024\/10\/coming-soon-minicatalogo-4-580x370.webp\" class=\"full-width wp-post-image\" alt=\"La nouvelle \u00e9dition du MINICATALOGUE IPL bient\u00f4t disponible !\" title=\"coming-soon-minicatalogo-4\" \/><\/a><\/figure><\/div>\t\t\t\r\n\t\t\t\r\n\t\t\t<div class=\"cmsmasters_post_cont_inner\">\r\n\t\t\t<header class=\"cmsmasters_post_header entry-header\"><h4 class=\"cmsmasters_post_title entry-title\"><a href=\"https:\/\/www.iplhoses.com\/fr\/la-nouvelle-edition-du-minicatalogue-ipl-bientot-disponible\/\">La nouvelle \u00e9dition du MINICATALOGUE IPL bient\u00f4t disponible !<\/a><\/h4><\/header><div class=\"cmsmasters_post_content entry-content\">\n<p>La nouvelle \u00e9dition du MINICATALOGUE IPL bient\u00f4t disponible ! La nouvelle \u00e9dition imprim\u00e9e de la brochure la plus attendue par les praticiens...<\/p>\n<\/div>\n<div class=\"cmsmasters_post_read_more_wrap\"><a class=\"cmsmasters_post_read_more\" href=\"https:\/\/www.iplhoses.com\/fr\/la-nouvelle-edition-du-minicatalogue-ipl-bientot-disponible\/\">Read More<\/a><\/div>\t\t\t<\/div>\r\n\t\t<\/div>\r\n\t<\/div>\r\n<\/article>\r\n<!-- Finish Post Masonry Article -->\r\n\r\n<!-- Start Post Masonry Article -->\r\n<article id=\"post-48444\" class=\"cmsmasters_post_masonry post-48444 post type-post status-publish format-standard has-post-thumbnail hentry\" data-category=\"\">\r\n\t<div class=\"cmsmasters_post_cont_wrap\">\r\n\t\t<div class=\"cmsmasters_post_cont\">\r\n\t\t\t<div class=\"cmsmasters_date_img_wrap\"><figure class=\"cmsmasters_img_wrap\"><a href=\"https:\/\/www.iplhoses.com\/fr\/ipl-pour-lagriculture\/\" title=\"IPL POUR L&rsquo;AGRICULTURE\" class=\"cmsmasters_img_link preloader\"><img decoding=\"async\" width=\"580\" height=\"370\" src=\"https:\/\/www.iplhoses.com\/wp-content\/uploads\/2024\/09\/foto-news-banner-580x370.jpg\" class=\"full-width wp-post-image\" alt=\"IPL POUR L&rsquo;AGRICULTURE\" title=\"foto-news-banner\" srcset=\"https:\/\/www.iplhoses.com\/wp-content\/uploads\/2024\/09\/foto-news-banner-580x370.jpg 580w, https:\/\/www.iplhoses.com\/wp-content\/uploads\/2024\/09\/foto-news-banner-470x300.jpg 470w, https:\/\/www.iplhoses.com\/wp-content\/uploads\/2024\/09\/foto-news-banner-970x619.jpg 970w, https:\/\/www.iplhoses.com\/wp-content\/uploads\/2024\/09\/foto-news-banner-768x490.jpg 768w, https:\/\/www.iplhoses.com\/wp-content\/uploads\/2024\/09\/foto-news-banner-860x549.jpg 860w, https:\/\/www.iplhoses.com\/wp-content\/uploads\/2024\/09\/foto-news-banner-360x230.jpg 360w, https:\/\/www.iplhoses.com\/wp-content\/uploads\/2024\/09\/foto-news-banner.jpg 1160w\" sizes=\"(max-width: 580px) 100vw, 580px\" \/><\/a><\/figure><\/div>\t\t\t\r\n\t\t\t\r\n\t\t\t<div class=\"cmsmasters_post_cont_inner\">\r\n\t\t\t<header class=\"cmsmasters_post_header entry-header\"><h4 class=\"cmsmasters_post_title entry-title\"><a href=\"https:\/\/www.iplhoses.com\/fr\/ipl-pour-lagriculture\/\">IPL POUR L&rsquo;AGRICULTURE<\/a><\/h4><\/header><div class=\"cmsmasters_post_content entry-content\">\n<p>\u00c9DITION SP\u00c9CIALE POUR MACHINES AGRICOLES IPL reprend en septembre sa campagne d\u00e9di\u00e9e aux tuyaux flexibles pour le secteur agricole. Du semis \u00e0...<\/p>\n<\/div>\n<div class=\"cmsmasters_post_read_more_wrap\"><a class=\"cmsmasters_post_read_more\" href=\"https:\/\/www.iplhoses.com\/fr\/ipl-pour-lagriculture\/\">Read More<\/a><\/div>\t\t\t<\/div>\r\n\t\t<\/div>\r\n\t<\/div>\r\n<\/article>\r\n<!-- Finish Post Masonry Article -->\r\n\r\n<!-- Start Post Masonry Article -->\r\n<article id=\"post-48087\" class=\"cmsmasters_post_masonry post-48087 post type-post status-publish format-standard has-post-thumbnail hentry\" data-category=\"\">\r\n\t<div class=\"cmsmasters_post_cont_wrap\">\r\n\t\t<div class=\"cmsmasters_post_cont\">\r\n\t\t\t<div class=\"cmsmasters_date_img_wrap\"><figure class=\"cmsmasters_img_wrap\"><a href=\"https:\/\/www.iplhoses.com\/fr\/arianna-multipurpose-est-online\/\" title=\"ARIANNA MULTIPURPOSE EST ONLINE!\" class=\"cmsmasters_img_link preloader\"><img decoding=\"async\" width=\"580\" height=\"370\" src=\"https:\/\/www.iplhoses.com\/wp-content\/uploads\/2024\/07\/ARIANNA-MULTIPURPOSE-NEWS-SITO-FR-580x370.jpg\" class=\"full-width wp-post-image\" alt=\"ARIANNA MULTIPURPOSE EST ONLINE!\" title=\"ARIANNA MULTIPURPOSE NEWS SITO FR\" \/><\/a><\/figure><\/div>\t\t\t\r\n\t\t\t\r\n\t\t\t<div class=\"cmsmasters_post_cont_inner\">\r\n\t\t\t<header class=\"cmsmasters_post_header entry-header\"><h4 class=\"cmsmasters_post_title entry-title\"><a href=\"https:\/\/www.iplhoses.com\/fr\/arianna-multipurpose-est-online\/\">ARIANNA MULTIPURPOSE EST ONLINE!<\/a><\/h4><\/header><div class=\"cmsmasters_post_content entry-content\">\n<p>Le tuyau le plus polyvalent pour l&rsquo;industrie et l&rsquo;agriculture est d\u00e9sormais sur le web ! Arianna Multipurpose (code MURX) est la solution...<\/p>\n<\/div>\n<div class=\"cmsmasters_post_read_more_wrap\"><a class=\"cmsmasters_post_read_more\" href=\"https:\/\/www.iplhoses.com\/fr\/arianna-multipurpose-est-online\/\">Read More<\/a><\/div>\t\t\t<\/div>\r\n\t\t<\/div>\r\n\t<\/div>\r\n<\/article>\r\n<!-- Finish Post Masonry Article -->\r\n\r\n<!-- Start Post Masonry Article -->\r\n<article id=\"post-46160\" class=\"cmsmasters_post_masonry post-46160 post type-post status-publish format-standard has-post-thumbnail hentry\" data-category=\"\">\r\n\t<div class=\"cmsmasters_post_cont_wrap\">\r\n\t\t<div class=\"cmsmasters_post_cont\">\r\n\t\t\t<div class=\"cmsmasters_date_img_wrap\"><figure class=\"cmsmasters_img_wrap\"><a href=\"https:\/\/www.iplhoses.com\/fr\/tuyaux-multicouches-en-pvc-pour-le-transport-de-materiaux-abrasifs\/\" title=\"TUYAUX MULTICOUCHES POUR MAT\u00c9RIAUX ABRASIFS\" class=\"cmsmasters_img_link preloader\"><img decoding=\"async\" width=\"580\" height=\"370\" src=\"https:\/\/www.iplhoses.com\/wp-content\/uploads\/2024\/01\/IPL-CONCRETE-EDITION-fr-580x370.jpg\" class=\"full-width wp-post-image\" alt=\"TUYAUX MULTICOUCHES POUR MAT\u00c9RIAUX ABRASIFS\" title=\"IPL CONCRETE EDITION fr\" \/><\/a><\/figure><\/div>\t\t\t\r\n\t\t\t\r\n\t\t\t<div class=\"cmsmasters_post_cont_inner\">\r\n\t\t\t<header class=\"cmsmasters_post_header entry-header\"><h4 class=\"cmsmasters_post_title entry-title\"><a href=\"https:\/\/www.iplhoses.com\/fr\/tuyaux-multicouches-en-pvc-pour-le-transport-de-materiaux-abrasifs\/\">TUYAUX MULTICOUCHES POUR MAT\u00c9RIAUX ABRASIFS<\/a><\/h4><\/header><div class=\"cmsmasters_post_content entry-content\">\n<p>La campagne d&rsquo;IPL sur les tuyaux multicouches d\u00e9di\u00e9s au traitement des mat\u00e9riaux abrasifs dans les secteurs de la construction, des agr\u00e9gats et...<\/p>\n<\/div>\n<div class=\"cmsmasters_post_read_more_wrap\"><a class=\"cmsmasters_post_read_more\" href=\"https:\/\/www.iplhoses.com\/fr\/tuyaux-multicouches-en-pvc-pour-le-transport-de-materiaux-abrasifs\/\">Read More<\/a><\/div>\t\t\t<\/div>\r\n\t\t<\/div>\r\n\t<\/div>\r\n<\/article>\r\n<!-- Finish Post Masonry Article -->\r\n\r\n<!-- Start Post Masonry Article -->\r\n<article id=\"post-45747\" class=\"cmsmasters_post_masonry post-45747 post type-post status-publish format-standard has-post-thumbnail hentry\" data-category=\"\">\r\n\t<div class=\"cmsmasters_post_cont_wrap\">\r\n\t\t<div class=\"cmsmasters_post_cont\">\r\n\t\t\t<div class=\"cmsmasters_date_img_wrap\"><figure class=\"cmsmasters_img_wrap\"><a href=\"https:\/\/www.iplhoses.com\/fr\/nouveau-apollo-superflex-2-special\/\" title=\"NOUVEAU APOLLO SUPERFLEX 2 SPECIAL\" class=\"cmsmasters_img_link preloader\"><img decoding=\"async\" width=\"580\" height=\"370\" src=\"https:\/\/www.iplhoses.com\/wp-content\/uploads\/2023\/11\/APOLLO-SUPERFLEX-2-SPECIAL-ADVERT-FR-580x370.jpg\" class=\"full-width wp-post-image\" alt=\"NOUVEAU APOLLO SUPERFLEX 2 SPECIAL\" title=\"APOLLO SUPERFLEX 2 SPECIAL ADVERT FR\" \/><\/a><\/figure><\/div>\t\t\t\r\n\t\t\t\r\n\t\t\t<div class=\"cmsmasters_post_cont_inner\">\r\n\t\t\t<header class=\"cmsmasters_post_header entry-header\"><h4 class=\"cmsmasters_post_title entry-title\"><a href=\"https:\/\/www.iplhoses.com\/fr\/nouveau-apollo-superflex-2-special\/\">NOUVEAU APOLLO SUPERFLEX 2 SPECIAL<\/a><\/h4><\/header><div class=\"cmsmasters_post_content entry-content\">\n<p>Il n&rsquo;y a pas de meilleur moment que l&rsquo;hiver pour proposer le nouveau tuyau APOLLO SUPERFLEX 2 SPECIAL, le plus flexible et...<\/p>\n<\/div>\n<div class=\"cmsmasters_post_read_more_wrap\"><a class=\"cmsmasters_post_read_more\" href=\"https:\/\/www.iplhoses.com\/fr\/nouveau-apollo-superflex-2-special\/\">Read More<\/a><\/div>\t\t\t<\/div>\r\n\t\t<\/div>\r\n\t<\/div>\r\n<\/article>\r\n<!-- Finish Post Masonry Article -->\r\n\r\n<!-- Start Post Masonry Article -->\r\n<article id=\"post-45255\" class=\"cmsmasters_post_masonry post-45255 post type-post status-publish format-standard has-post-thumbnail hentry\" data-category=\"\">\r\n\t<div class=\"cmsmasters_post_cont_wrap\">\r\n\t\t<div class=\"cmsmasters_post_cont\">\r\n\t\t\t<div class=\"cmsmasters_date_img_wrap\"><figure class=\"cmsmasters_img_wrap\"><a href=\"https:\/\/www.iplhoses.com\/fr\/ipl-for-wastewater-treatment\/\" title=\"IPL FOR WASTEWATER TREATMENT\" class=\"cmsmasters_img_link preloader\"><img decoding=\"async\" width=\"580\" height=\"370\" src=\"https:\/\/www.iplhoses.com\/wp-content\/uploads\/2023\/09\/banner-eng-580x370.jpg\" class=\"full-width wp-post-image\" alt=\"IPL FOR WASTEWATER TREATMENT\" title=\"banner eng\" \/><\/a><\/figure><\/div>\t\t\t\r\n\t\t\t\r\n\t\t\t<div class=\"cmsmasters_post_cont_inner\">\r\n\t\t\t<header class=\"cmsmasters_post_header entry-header\"><h4 class=\"cmsmasters_post_title entry-title\"><a href=\"https:\/\/www.iplhoses.com\/fr\/ipl-for-wastewater-treatment\/\">IPL FOR WASTEWATER TREATMENT<\/a><\/h4><\/header><div class=\"cmsmasters_post_content entry-content\">\n<p>IPL kicks off in September with its SEWAGE EDITION, the flexible hose campaign for wastewater treatment. The company offers a wide range...<\/p>\n<\/div>\n<div class=\"cmsmasters_post_read_more_wrap\"><a class=\"cmsmasters_post_read_more\" href=\"https:\/\/www.iplhoses.com\/fr\/ipl-for-wastewater-treatment\/\">Read More<\/a><\/div>\t\t\t<\/div>\r\n\t\t<\/div>\r\n\t<\/div>\r\n<\/article>\r\n<!-- Finish Post Masonry Article -->\r\n\r\n<\/div><div class=\"cmsmasters_wrap_more_posts cmsmasters_wrap_more_items\"><div class=\"cmsmasters_wrap_pagination\"><ul class='page-numbers'>\n\t<li><span aria-current=\"page\" class=\"page-numbers current\">1<\/span><\/li>\n\t<li><a class=\"page-numbers\" href=\"https:\/\/www.iplhoses.com\/fr\/wp-json\/wp\/v2\/pages\/30092\/page\/2\/\">2<\/a><\/li>\n\t<li><a class=\"next page-numbers\" href=\"https:\/\/www.iplhoses.com\/fr\/wp-json\/wp\/v2\/pages\/30092\/page\/2\/\"><span class=\"cmsmasters_theme_icon_pagination_next\"><span><\/span><\/span><\/a><\/li>\n<\/ul>\n<\/div><\/div><\/div>\n<\/div><\/div>\n<\/div>\n<\/div>\n<\/div>\n<\/div>\n<\/div>\n","protected":false},"excerpt":{"rendered":"","protected":false},"author":1,"featured_media":0,"parent":0,"menu_order":0,"comment_status":"closed","ping_status":"closed","template":"","meta":{"_FSMCFIC_featured_image_caption":"","_FSMCFIC_featured_image_nocaption":"","_FSMCFIC_featured_image_hide":"","footnotes":""},"class_list":["post-30092","page","type-page","status-publish","hentry"],"acf":[],"_links":{"self":[{"href":"https:\/\/www.iplhoses.com\/fr\/wp-json\/wp\/v2\/pages\/30092","targetHints":{"allow":["GET"]}}],"collection":[{"href":"https:\/\/www.iplhoses.com\/fr\/wp-json\/wp\/v2\/pages"}],"about":[{"href":"https:\/\/www.iplhoses.com\/fr\/wp-json\/wp\/v2\/types\/page"}],"author":[{"embeddable":true,"href":"https:\/\/www.iplhoses.com\/fr\/wp-json\/wp\/v2\/users\/1"}],"replies":[{"embeddable":true,"href":"https:\/\/www.iplhoses.com\/fr\/wp-json\/wp\/v2\/comments?post=30092"}],"version-history":[{"count":4,"href":"https:\/\/www.iplhoses.com\/fr\/wp-json\/wp\/v2\/pages\/30092\/revisions"}],"predecessor-version":[{"id":36624,"href":"https:\/\/www.iplhoses.com\/fr\/wp-json\/wp\/v2\/pages\/30092\/revisions\/36624"}],"wp:attachment":[{"href":"https:\/\/www.iplhoses.com\/fr\/wp-json\/wp\/v2\/media?parent=30092"}],"curies":[{"name":"wp","href":"https:\/\/api.w.org\/{rel}","templated":true}]}}