{"id":30005,"date":"2022-11-01T19:46:27","date_gmt":"2022-11-01T18:46:27","guid":{"rendered":"https:\/\/stage.iplhoses.com\/chi-siamo\/"},"modified":"2023-11-15T06:54:40","modified_gmt":"2023-11-15T05:54:40","slug":"profil-de-la-societe","status":"publish","type":"page","link":"https:\/\/www.iplhoses.com\/fr\/profil-de-la-societe\/","title":{"rendered":"\u00c0 PROPOS DE NOUS"},"content":{"rendered":"<div id=\"cmsmasters_row_249z02esn\" class=\"cmsmasters_row cmsmasters_color_scheme_default cmsmasters_row_top_default cmsmasters_row_bot_default cmsmasters_row_boxed\">\n<div class=\"cmsmasters_row_outer_parent\">\n<div class=\"cmsmasters_row_outer\">\n<div class=\"cmsmasters_row_inner\">\n<div class=\"cmsmasters_row_margin\">\n<div id=\"cmsmasters_column_r5gj6rx99e\" class=\"cmsmasters_column one_first\">\n<div class=\"cmsmasters_column_inner\"><div class=\"aligncenter\"><div class=\"cmsmasters_img  cmsmasters_image_c skip-lazy\"><img decoding=\"async\" src=\"https:\/\/www.iplhoses.com\/wp-content\/uploads\/2022\/11\/IPL-pic-from-the-top.jpg\" \/><\/div><\/div>\n<\/div><\/div>\n<\/div>\n<\/div>\n<\/div>\n<\/div>\n<\/div>\n<div id=\"cmsmasters_row_\" class=\"cmsmasters_row cmsmasters_color_scheme_default cmsmasters_row_top_default cmsmasters_row_bot_default cmsmasters_row_boxed\">\n<div class=\"cmsmasters_row_outer_parent\">\n<div class=\"cmsmasters_row_outer\">\n<div class=\"cmsmasters_row_inner\">\n<div class=\"cmsmasters_row_margin\">\n<div id=\"cmsmasters_column_\" class=\"cmsmasters_column one_half\">\n<div class=\"cmsmasters_column_inner\"><div class=\"cmsmasters_text\">\n<p><a href=\"https:\/\/www.iplhoses.com\/wp-content\/uploads\/2023\/02\/Logo_IPL_Cover5.png\"><img decoding=\"async\" class=\"aligncenter size-full wp-image-36562\" src=\"https:\/\/www.iplhoses.com\/wp-content\/uploads\/2023\/02\/Logo_IPL_Cover5.png\" alt=\"ipl\" width=\"755\" height=\"300\" srcset=\"https:\/\/www.iplhoses.com\/wp-content\/uploads\/2023\/02\/Logo_IPL_Cover5.png 755w, https:\/\/www.iplhoses.com\/wp-content\/uploads\/2023\/02\/Logo_IPL_Cover5-470x187.png 470w, https:\/\/www.iplhoses.com\/wp-content\/uploads\/2023\/02\/Logo_IPL_Cover5-580x230.png 580w, https:\/\/www.iplhoses.com\/wp-content\/uploads\/2023\/02\/Logo_IPL_Cover5-360x143.png 360w\" sizes=\"(max-width: 755px) 100vw, 755px\" \/><\/a><\/p>\n<p class=\"first\">Fond\u00e9e au milieu des ann\u00e9es 70, Industrie Plastiche Lombarde S.p.A. est aujourd\u2019hui une entreprise sp\u00e9cialis\u00e9e dans la production de tuyaux flexibles en TPU, PVC et autres mat\u00e9riaux plastiques.<\/p>\n<p><strong>Depuis plus de 40 ans<\/strong>, IPL op\u00e8re dans les secteurs\u00a0<strong>industriel<\/strong>\u00a0et\u00a0<strong>alimentaire<\/strong>, \u00e0 travers une gamme compl\u00e8te de produits, en respectant au mieux les normes qualitatives et en r\u00e9pondant avec efficacit\u00e9 et flexibilit\u00e9 \u00e0 l\u2019\u00e9volution des exigences de ses clients.<\/p>\n<p>Outre la grande qualit\u00e9 de ses produits et des mati\u00e8res premi\u00e8res utilis\u00e9es, IPL met au service de ses clients ses outils et son savoir-faire acquis au fil des ann\u00e9es, \u00e0 travers la recherche constante de mat\u00e9riaux innovants, de technologies avant-gardistes et le perfectionnement des comp\u00e9tences professionnelles de son \u00e9quipe, afin de garantir une assistance ad\u00e9quate et d\u2019assurer la fiabilit\u00e9 maximale du produit.<\/p>\n<p>L\u2019entreprise est\u00a0<strong>certifi\u00e9e ISO 9001:2015<\/strong>\u00a0et a, depuis presque 10 ans, mis en \u0153uvre son propre syst\u00e8me de production de tuyaux alimentaires et pharmaceutiques en adoptant les lignes directrices pr\u00e9vues par la certification GMP (Good Manufacturing Practises), relatives au processus, \u00e0 la tra\u00e7abilit\u00e9 et au contr\u00f4le qualit\u00e9.<\/p>\n<p><strong>Le si\u00e8ge social et le site de production se trouvent \u00e0 Besozzo (Province de Varese, Italie), dans une vaste zone de plus de 55 000m\u00b2<\/strong>\u00a0qui accueille les bureaux administratifs et commerciaux, le laboratoire de Recherche et D\u00e9veloppement et deux grands entrep\u00f4ts pour le stockage des mati\u00e8res premi\u00e8res et des produits finis.<\/p>\n<p>IPL dispose d\u2019une vaste gamme de tuyaux flexibles qui conviennent \u00e0 de nombreuses applications dans le milieu industriel, servant ainsi les principaux secteurs d\u2019activit\u00e9 : agriculture, industrie plastique, transformation du bois, ventilation et climatisation, industrie nautique, traitement des liquides, industrie alimentaire, pharmaceutique et p\u00e9trochimique ne sont que des exemples de segments de march\u00e9 dans lesquels l\u2019entreprise joue un r\u00f4le actif.<\/p>\n<p>Par ailleurs, IPL offre \u00e0 ses clients des solutions personnalis\u00e9es, des conseils sp\u00e9cialis\u00e9s et une formation continue afin de satisfaire les demandes les plus exigeantes et de fournir le produit le plus appropri\u00e9 possible. Gr\u00e2ce \u00e0 son d\u00e9partement de Recherche et D\u00e9veloppement efficace, l\u2019entreprise fourni rapidement des informations d\u00e9taill\u00e9es et actualis\u00e9es concernant les produits, les mat\u00e9riaux et les normes en vigueur.<\/p>\n<p>IPL et le\u00a0<strong>Lean Manufacturing<\/strong>\u00a0dans l\u2019\u00e8re de l\u2019industrie 4.0<\/p>\n<p>En 2018, IPL a adh\u00e9r\u00e9 \u00e0 la m\u00e9thodologie invent\u00e9e par Toyota afin de s\u2019adapter aux \u00e9volutions de la Quatri\u00e8me R\u00e9volution Industrielle, en adoptant les lignes directrices du programme dans chaque phase du processus de production. Ce parcours ambitieux entram\u00e9 par l\u2019entreprise repr\u00e9sente un v\u00e9ritable changement culturel et a pour objectif de mettre en place des solutions capables de valoriser son excellence et accro\u00eetre sa comp\u00e9titivit\u00e9 dans une \u00e8re o\u00f9 l\u2019<strong>adaptation au changement<\/strong>\u00a0constitue la base fondamentale pour la cr\u00e9ation du meilleur mod\u00e8le op\u00e9rationnel qui soit.<\/p>\n<p>Enfin, dans le cadre du programme \u00ab Lean \u00bb, IPL s\u2019est fix\u00e9 un objectif de r\u00e9duction du gaspillage, consid\u00e9r\u00e9 depuis toujours comme l\u2019ennemi de la productivit\u00e9 et donc de l\u2019excellence d\u2019une entreprise, \u00e0 travers un parcours de responsabilisation et respect des ressources.<\/p>\n<p class=\"first\">Presque un demi-si\u00e8cle d\u2019id\u00e9es, d\u2019enthousiasme et de valeurs communes ont jet\u00e9 les bases d\u2019une une histoire de succ\u00e8s 100% italienne.<\/p>\n<\/div>\n<\/div><\/div>\n<div id=\"cmsmasters_column_8rc4qkbjk\" class=\"cmsmasters_column one_half\">\n<div class=\"cmsmasters_column_inner\"><div class=\"aligncenter\"><div class=\"cmsmasters_img  cmsmasters_image_c with_caption\"><a href=\"https:\/\/www.iplhoses.com\/wp-content\/uploads\/2023\/01\/number-1.jpg\"><img decoding=\"async\" src=\"https:\/\/www.iplhoses.com\/wp-content\/uploads\/2023\/01\/number-1.jpg\" alt=\"IPL pic from the top\" \/><\/a><p class=\"cmsmasters_img_caption\">Si\u00e8ge social et usine de production, situ\u00e9s \u00e0 Besozzo(VA)<\/p><\/div><\/div><div class=\"aligncenter\"><div class=\"cmsmasters_img  cmsmasters_image_c with_caption\"><img decoding=\"async\" src=\"https:\/\/www.iplhoses.com\/wp-content\/uploads\/2022\/11\/about-800.jpg\" alt=\"about\" \/><p class=\"cmsmasters_img_caption\">Vue de l\u2032entrep\u00f4t IPL<\/p><\/div><\/div>\n<\/div><\/div>\n<\/div>\n<\/div>\n<\/div>\n<\/div>\n<\/div>\n\n","protected":false},"excerpt":{"rendered":"","protected":false},"author":1,"featured_media":0,"parent":0,"menu_order":0,"comment_status":"closed","ping_status":"closed","template":"","meta":{"_FSMCFIC_featured_image_caption":"","_FSMCFIC_featured_image_nocaption":"","_FSMCFIC_featured_image_hide":"","footnotes":""},"class_list":["post-30005","page","type-page","status-publish","hentry"],"acf":[],"_links":{"self":[{"href":"https:\/\/www.iplhoses.com\/fr\/wp-json\/wp\/v2\/pages\/30005","targetHints":{"allow":["GET"]}}],"collection":[{"href":"https:\/\/www.iplhoses.com\/fr\/wp-json\/wp\/v2\/pages"}],"about":[{"href":"https:\/\/www.iplhoses.com\/fr\/wp-json\/wp\/v2\/types\/page"}],"author":[{"embeddable":true,"href":"https:\/\/www.iplhoses.com\/fr\/wp-json\/wp\/v2\/users\/1"}],"replies":[{"embeddable":true,"href":"https:\/\/www.iplhoses.com\/fr\/wp-json\/wp\/v2\/comments?post=30005"}],"version-history":[{"count":5,"href":"https:\/\/www.iplhoses.com\/fr\/wp-json\/wp\/v2\/pages\/30005\/revisions"}],"predecessor-version":[{"id":45443,"href":"https:\/\/www.iplhoses.com\/fr\/wp-json\/wp\/v2\/pages\/30005\/revisions\/45443"}],"wp:attachment":[{"href":"https:\/\/www.iplhoses.com\/fr\/wp-json\/wp\/v2\/media?parent=30005"}],"curies":[{"name":"wp","href":"https:\/\/api.w.org\/{rel}","templated":true}]}}