{"id":36756,"date":"2023-02-22T09:45:11","date_gmt":"2023-02-22T08:45:11","guid":{"rendered":"https:\/\/www.iplhoses.com\/?page_id=36756"},"modified":"2023-02-28T12:39:56","modified_gmt":"2023-02-28T11:39:56","slug":"red-de-distribucion","status":"publish","type":"page","link":"https:\/\/www.iplhoses.com\/es\/red-de-distribucion\/","title":{"rendered":"DISTRIBUCI\u00d3N"},"content":{"rendered":"<div id=\"cmsmasters_row_ryamvy152d\" class=\"cmsmasters_row cmsmasters_color_scheme_default cmsmasters_row_top_default cmsmasters_row_bot_default cmsmasters_row_boxed\">\n<div class=\"cmsmasters_row_outer_parent\">\n<div class=\"cmsmasters_row_outer\">\n<div class=\"cmsmasters_row_inner\">\n<div class=\"cmsmasters_row_margin\">\n<div id=\"cmsmasters_column_nvzn1j8akd\" class=\"cmsmasters_column one_first\">\n<div class=\"cmsmasters_column_inner\"><div class=\"cmsmasters_text\">\n<h2 style=\"font-weight: 600; color: #000; font-size: 20px; font-family: Roboto, sans-serif;\">CALIDAD ITALIANA GARANTIZADA EN TODO EL MUNDO<\/h2>\n<p style=\"color: #7a7a7a;\">IPL suministra sus productos y servicios en m\u00e1s de 100 pa\u00edses a trav\u00e9s de una red de distribuci\u00f3n global y tiene presencia directa a trav\u00e9s de IPL UK Ltd, una filial que lleva m\u00e1s de 10 a\u00f1os en West Midlands, la m\u00e1s reciente IPL Mangueras T\u00e9cnicas S.L., abierta en 2020 en Barcelona y la filial china IPL Industrial Hoses (Shanghai) Co. Ltd, lanzado en la primavera de 2012.<\/p>\n<p style=\"color: #7a7a7a;\">A lo largo de los a\u00f1os, la empresa ha ampliado sus fronteras, exportando su marca a todo el mundo y consolidando las asociaciones existentes.<\/p>\n<p style=\"color: #7a7a7a;\">En la actualidad, IPL tiene el firme prop\u00f3sito de seguir reforzando su red de ventas para garantizar un servicio a\u00fan m\u00e1s eficaz.<\/p>\n<\/div>\n<\/div><\/div>\n<\/div>\n<\/div>\n<\/div>\n<\/div>\n<\/div>\n<div id=\"cmsmasters_row_4pgwtefm8\" class=\"cmsmasters_row cmsmasters_color_scheme_default cmsmasters_row_top_default cmsmasters_row_bot_default cmsmasters_row_boxed\">\n<div class=\"cmsmasters_row_outer_parent\">\n<div class=\"cmsmasters_row_outer\">\n<div class=\"cmsmasters_row_inner\">\n<div class=\"cmsmasters_row_margin\">\n<div id=\"cmsmasters_column_mxllstiwan\" class=\"cmsmasters_column one_first\">\n<div class=\"cmsmasters_column_inner\"><div class=\"custom_html\">\n<div class=\"gMapButtons\">\n                    <a href=\"\/es\/rete-di-distribuzione\/?i=1\" id=\"mappaItalia\" class=\"btn btn-map btn-active first\">IPL EN ITALIA<\/a><br \/>\n                    <a href=\"\/es\/rete-di-distribuzione\/?i=2\" id=\"mappaMondo\" class=\"btn btn-map\">IPL EN EL MUNDO<\/a>\n                <\/div>\n<\/div>\n<\/div><\/div>\n<\/div>\n<\/div>\n<\/div>\n<\/div>\n<\/div>\n<div id=\"cmsmasters_row_o11t6jqzw\" class=\"cmsmasters_row cmsmasters_color_scheme_default cmsmasters_row_top_default cmsmasters_row_bot_default cmsmasters_row_boxed\">\n<div class=\"cmsmasters_row_outer_parent\">\n<div class=\"cmsmasters_row_outer\">\n<div class=\"cmsmasters_row_inner\">\n<div class=\"cmsmasters_row_margin\">\n<div id=\"cmsmasters_column_nzt9a75lh\" class=\"cmsmasters_column one_first\">\n<div class=\"cmsmasters_column_inner\"><div class=\"custom_html\">\n<div id=\"gMap\" class=\"gMap\"><\/div>\n<\/div>\n<\/div><\/div>\n<\/div>\n<\/div>\n<\/div>\n<\/div>\n<\/div>\n\n","protected":false},"excerpt":{"rendered":"","protected":false},"author":1,"featured_media":0,"parent":0,"menu_order":0,"comment_status":"closed","ping_status":"closed","template":"","meta":{"_FSMCFIC_featured_image_caption":"","_FSMCFIC_featured_image_nocaption":"","_FSMCFIC_featured_image_hide":"","footnotes":""},"class_list":["post-36756","page","type-page","status-publish","hentry"],"acf":[],"_links":{"self":[{"href":"https:\/\/www.iplhoses.com\/es\/wp-json\/wp\/v2\/pages\/36756","targetHints":{"allow":["GET"]}}],"collection":[{"href":"https:\/\/www.iplhoses.com\/es\/wp-json\/wp\/v2\/pages"}],"about":[{"href":"https:\/\/www.iplhoses.com\/es\/wp-json\/wp\/v2\/types\/page"}],"author":[{"embeddable":true,"href":"https:\/\/www.iplhoses.com\/es\/wp-json\/wp\/v2\/users\/1"}],"replies":[{"embeddable":true,"href":"https:\/\/www.iplhoses.com\/es\/wp-json\/wp\/v2\/comments?post=36756"}],"version-history":[{"count":5,"href":"https:\/\/www.iplhoses.com\/es\/wp-json\/wp\/v2\/pages\/36756\/revisions"}],"predecessor-version":[{"id":36912,"href":"https:\/\/www.iplhoses.com\/es\/wp-json\/wp\/v2\/pages\/36756\/revisions\/36912"}],"wp:attachment":[{"href":"https:\/\/www.iplhoses.com\/es\/wp-json\/wp\/v2\/media?parent=36756"}],"curies":[{"name":"wp","href":"https:\/\/api.w.org\/{rel}","templated":true}]}}