{"id":30095,"date":"2018-06-05T12:21:57","date_gmt":"2018-06-05T10:21:57","guid":{"rendered":"https:\/\/stage.iplhoses.com\/news\/"},"modified":"2023-02-16T13:20:47","modified_gmt":"2023-02-16T12:20:47","slug":"noticias","status":"publish","type":"page","link":"https:\/\/www.iplhoses.com\/es\/noticias\/","title":{"rendered":"NOTICIAS"},"content":{"rendered":"<div id=\"cmsmasters_row_\" class=\"cmsmasters_row cmsmasters_color_scheme_default cmsmasters_row_top_default cmsmasters_row_bot_default cmsmasters_row_boxed\">\n<div class=\"cmsmasters_row_outer_parent\">\n<div class=\"cmsmasters_row_outer\">\n<div class=\"cmsmasters_row_inner\">\n<div class=\"cmsmasters_row_margin\">\n<div id=\"cmsmasters_column_\" class=\"cmsmasters_column one_first\">\n<div class=\"cmsmasters_column_inner\"><div class=\"cmsmasters_text\">\n<p>Desde hace casi 50 a\u00f1os, IPL opera en los sectores industrial y alimentario con una amplia gama de productos, cumpliendo los m\u00e1s altos est\u00e1ndares de calidad y respondiendo con precisi\u00f3n, flexibilidad y eficacia a la evoluci\u00f3n de las necesidades de los clientes.<\/p>\n<\/p>\n<\/div>\n<\/div><\/div>\n<\/div>\n<\/div>\n<\/div>\n<\/div>\n<\/div>\n<div id=\"cmsmasters_row_dpd1uuid5t\" class=\"cmsmasters_row cmsmasters_color_scheme_default cmsmasters_row_top_default cmsmasters_row_bot_default cmsmasters_row_boxed\">\n<div class=\"cmsmasters_row_outer_parent\">\n<div class=\"cmsmasters_row_outer\">\n<div class=\"cmsmasters_row_inner\">\n<div class=\"cmsmasters_row_margin\">\n<div id=\"cmsmasters_column_zx2ezchdo9\" class=\"cmsmasters_column one_first\">\n<div class=\"cmsmasters_column_inner\"><div id=\"blog_uaqjqaxtbn\" class=\"cmsmasters_wrap_blog entry-summary\" data-layout=\"columns\" data-layout-mode=\"grid\" data-url=\"https:\/\/www.iplhoses.com\/wp-content\/plugins\/cmsmasters-content-composer\/\" data-orderby=\"date\" data-order=\"DESC\" data-count=\"12\" data-categories=\"\" data-metadata=\"categories,more\" data-pagination=\"pagination\"><div class=\"blog columns grid cmsmasters_2\"><!-- Start Post Masonry Article -->\r\n<article id=\"post-50325\" class=\"cmsmasters_post_masonry post-50325 post type-post status-publish format-standard has-post-thumbnail hentry\" data-category=\"\">\r\n\t<div class=\"cmsmasters_post_cont_wrap\">\r\n\t\t<div class=\"cmsmasters_post_cont\">\r\n\t\t\t<div class=\"cmsmasters_date_img_wrap\"><figure class=\"cmsmasters_img_wrap\"><a href=\"https:\/\/www.iplhoses.com\/es\/im-2026-18-20-marzo-2026-unity-arena-fornebu\/\" title=\"IM 2026 &#8211; 18-20 marzo 2026 &#8211; Unity Arena &#8211; Fornebu\" class=\"cmsmasters_img_link preloader\"><img decoding=\"async\" width=\"580\" height=\"370\" src=\"https:\/\/www.iplhoses.com\/wp-content\/uploads\/2026\/03\/foto-per-post-tess-580x370.jpeg\" class=\"full-width wp-post-image\" alt=\"Stand IPL con rappresentanza TESS\" title=\"foto per post tess\" \/><\/a><\/figure><\/div>\t\t\t\r\n\t\t\t\r\n\t\t\t<div class=\"cmsmasters_post_cont_inner\">\r\n\t\t\t<header class=\"cmsmasters_post_header entry-header\"><h4 class=\"cmsmasters_post_title entry-title\"><a href=\"https:\/\/www.iplhoses.com\/es\/im-2026-18-20-marzo-2026-unity-arena-fornebu\/\">IM 2026 &#8211; 18-20 marzo 2026 &#8211; Unity Arena &#8211; Fornebu<\/a><\/h4><\/header><div class=\"cmsmasters_post_content entry-content\">\n<p>Nuestra participaci\u00f3n en IM 2026, el evento organizado por Tess Logistik AS, nuestro proveedor hist\u00f3rico en Noruega, ha concluido con gran satisfacci\u00f3n....<\/p>\n<\/div>\n<div class=\"cmsmasters_post_read_more_wrap\"><a class=\"cmsmasters_post_read_more\" href=\"https:\/\/www.iplhoses.com\/es\/im-2026-18-20-marzo-2026-unity-arena-fornebu\/\">Read More<\/a><\/div>\t\t\t<\/div>\r\n\t\t<\/div>\r\n\t<\/div>\r\n<\/article>\r\n<!-- Finish Post Masonry Article -->\r\n\r\n<!-- Start Post Masonry Article -->\r\n<article id=\"post-50213\" class=\"cmsmasters_post_masonry post-50213 post type-post status-publish format-standard has-post-thumbnail hentry\" data-category=\"\">\r\n\t<div class=\"cmsmasters_post_cont_wrap\">\r\n\t\t<div class=\"cmsmasters_post_cont\">\r\n\t\t\t<div class=\"cmsmasters_date_img_wrap\"><figure class=\"cmsmasters_img_wrap\"><a href=\"https:\/\/www.iplhoses.com\/es\/ipl-especial-plutone\/\" title=\"IPL ESPECIAL PLUTONE\" class=\"cmsmasters_img_link preloader\"><img decoding=\"async\" width=\"580\" height=\"370\" src=\"https:\/\/www.iplhoses.com\/wp-content\/uploads\/2026\/01\/foto-cover-plutone-per-newsletter-580x370.jpg\" class=\"full-width wp-post-image\" alt=\"IPL ESPECIAL PLUTONE\" title=\"foto cover plutone per newsletter\" \/><\/a><\/figure><\/div>\t\t\t\r\n\t\t\t\r\n\t\t\t<div class=\"cmsmasters_post_cont_inner\">\r\n\t\t\t<header class=\"cmsmasters_post_header entry-header\"><h4 class=\"cmsmasters_post_title entry-title\"><a href=\"https:\/\/www.iplhoses.com\/es\/ipl-especial-plutone\/\">IPL ESPECIAL PLUTONE<\/a><\/h4><\/header><div class=\"cmsmasters_post_content entry-content\">\n<p>La gama PLUTONE, mangueras de\u00a0PVC-P siempre ha sido sin\u00f3nimo de eficiencia y versatilidad en todos los sectores industriales. En el mundo de...<\/p>\n<\/div>\n<div class=\"cmsmasters_post_read_more_wrap\"><a class=\"cmsmasters_post_read_more\" href=\"https:\/\/www.iplhoses.com\/es\/ipl-especial-plutone\/\">Read More<\/a><\/div>\t\t\t<\/div>\r\n\t\t<\/div>\r\n\t<\/div>\r\n<\/article>\r\n<!-- Finish Post Masonry Article -->\r\n\r\n<!-- Start Post Masonry Article -->\r\n<article id=\"post-49624\" class=\"cmsmasters_post_masonry post-49624 post type-post status-publish format-standard has-post-thumbnail hentry\" data-category=\"\">\r\n\t<div class=\"cmsmasters_post_cont_wrap\">\r\n\t\t<div class=\"cmsmasters_post_cont\">\r\n\t\t\t<div class=\"cmsmasters_date_img_wrap\"><figure class=\"cmsmasters_img_wrap\"><a href=\"https:\/\/www.iplhoses.com\/es\/ipl-especial-antillama\/\" title=\"IPL ESPECIAL ANTILLAMA\" class=\"cmsmasters_img_link preloader\"><img decoding=\"async\" width=\"580\" height=\"370\" src=\"https:\/\/www.iplhoses.com\/wp-content\/uploads\/2025\/09\/especial-antillama-web-news-580x370.jpg\" class=\"full-width wp-post-image\" alt=\"IPL ESPECIAL ANTILLAMA\" title=\"especial antillama web news\" \/><\/a><\/figure><\/div>\t\t\t\r\n\t\t\t\r\n\t\t\t<div class=\"cmsmasters_post_cont_inner\">\r\n\t\t\t<header class=\"cmsmasters_post_header entry-header\"><h4 class=\"cmsmasters_post_title entry-title\"><a href=\"https:\/\/www.iplhoses.com\/es\/ipl-especial-antillama\/\">IPL ESPECIAL ANTILLAMA<\/a><\/h4><\/header><div class=\"cmsmasters_post_content entry-content\">\n<p>Comienza la campa\u00f1a IPL \u00abEspecial Antillama\u00bb \u2013 M\u00e1xima seguridad certificada IPL se complace en presentar \u00abEspecial Antillama\u00bb, la nueva campa\u00f1a dedicada a...<\/p>\n<\/div>\n<div class=\"cmsmasters_post_read_more_wrap\"><a class=\"cmsmasters_post_read_more\" href=\"https:\/\/www.iplhoses.com\/es\/ipl-especial-antillama\/\">Read More<\/a><\/div>\t\t\t<\/div>\r\n\t\t<\/div>\r\n\t<\/div>\r\n<\/article>\r\n<!-- Finish Post Masonry Article -->\r\n\r\n<!-- Start Post Masonry Article -->\r\n<article id=\"post-49064\" class=\"cmsmasters_post_masonry post-49064 post type-post status-publish format-standard has-post-thumbnail hentry\" data-category=\"\">\r\n\t<div class=\"cmsmasters_post_cont_wrap\">\r\n\t\t<div class=\"cmsmasters_post_cont\">\r\n\t\t\t<div class=\"cmsmasters_date_img_wrap\"><figure class=\"cmsmasters_img_wrap\"><a href=\"https:\/\/www.iplhoses.com\/es\/mangueras-en-pvc-p\/\" title=\"ESPECIAL SPIRALPRESS\" class=\"cmsmasters_img_link preloader\"><img decoding=\"async\" width=\"580\" height=\"370\" src=\"https:\/\/www.iplhoses.com\/wp-content\/uploads\/2025\/05\/SPECIALE-SPIRALPRESS-spa-580x370.jpg\" class=\"full-width wp-post-image\" alt=\"ESPECIAL SPIRALPRESS\" title=\"ESPECIAL SPIRALPRESS\" \/><\/a><\/figure><\/div>\t\t\t\r\n\t\t\t\r\n\t\t\t<div class=\"cmsmasters_post_cont_inner\">\r\n\t\t\t<header class=\"cmsmasters_post_header entry-header\"><h4 class=\"cmsmasters_post_title entry-title\"><a href=\"https:\/\/www.iplhoses.com\/es\/mangueras-en-pvc-p\/\">ESPECIAL SPIRALPRESS<\/a><\/h4><\/header><div class=\"cmsmasters_post_content entry-content\">\n<p>IPL OFRECE LA GAMA DE MANGUERAS EN ESPIRAL DE PVC-P, \u00a1DISE\u00d1ADA PARA SOPORTAR ALTAS PRESIONES CON TOTAL SEGURIDAD! Comparada con las mangueras...<\/p>\n<\/div>\n<div class=\"cmsmasters_post_read_more_wrap\"><a class=\"cmsmasters_post_read_more\" href=\"https:\/\/www.iplhoses.com\/es\/mangueras-en-pvc-p\/\">Read More<\/a><\/div>\t\t\t<\/div>\r\n\t\t<\/div>\r\n\t<\/div>\r\n<\/article>\r\n<!-- Finish Post Masonry Article -->\r\n\r\n<!-- Start Post Masonry Article -->\r\n<article id=\"post-48997\" class=\"cmsmasters_post_masonry post-48997 post type-post status-publish format-standard has-post-thumbnail hentry\" data-category=\"\">\r\n\t<div class=\"cmsmasters_post_cont_wrap\">\r\n\t\t<div class=\"cmsmasters_post_cont\">\r\n\t\t\t<div class=\"cmsmasters_date_img_wrap\"><figure class=\"cmsmasters_img_wrap\"><a href=\"https:\/\/www.iplhoses.com\/es\/gran-exito-de-ipl-en-im-2025\/\" title=\"GRAN \u00c9XITO DE IPL EN IM 2025\" class=\"cmsmasters_img_link preloader\"><img decoding=\"async\" width=\"580\" height=\"370\" src=\"https:\/\/www.iplhoses.com\/wp-content\/uploads\/2025\/04\/FOTO-2-580x370.jpg\" class=\"full-width wp-post-image\" alt=\"Domenico Trimboli, IPL Export Manager con Trond\" title=\"FOTO 2\" \/><\/a><\/figure><\/div>\t\t\t\r\n\t\t\t\r\n\t\t\t<div class=\"cmsmasters_post_cont_inner\">\r\n\t\t\t<header class=\"cmsmasters_post_header entry-header\"><h4 class=\"cmsmasters_post_title entry-title\"><a href=\"https:\/\/www.iplhoses.com\/es\/gran-exito-de-ipl-en-im-2025\/\">GRAN \u00c9XITO DE IPL EN IM 2025<\/a><\/h4><\/header><div class=\"cmsmasters_post_content entry-content\">\n<p>Un a\u00f1o m\u00e1s, IPL particip\u00f3 en el importante evento organizado por la empresa noruega Tess, en el Unity Arena de Fornebu. El...<\/p>\n<\/div>\n<div class=\"cmsmasters_post_read_more_wrap\"><a class=\"cmsmasters_post_read_more\" href=\"https:\/\/www.iplhoses.com\/es\/gran-exito-de-ipl-en-im-2025\/\">Read More<\/a><\/div>\t\t\t<\/div>\r\n\t\t<\/div>\r\n\t<\/div>\r\n<\/article>\r\n<!-- Finish Post Masonry Article -->\r\n\r\n<!-- Start Post Masonry Article -->\r\n<article id=\"post-48876\" class=\"cmsmasters_post_masonry post-48876 post type-post status-publish format-standard has-post-thumbnail hentry\" data-category=\"\">\r\n\t<div class=\"cmsmasters_post_cont_wrap\">\r\n\t\t<div class=\"cmsmasters_post_cont\">\r\n\t\t\t<div class=\"cmsmasters_date_img_wrap\"><figure class=\"cmsmasters_img_wrap\"><a href=\"https:\/\/www.iplhoses.com\/es\/ipl-especial-abrasion\/\" title=\"IPL ESPECIAL ABRASI\u00d3N\" class=\"cmsmasters_img_link preloader\"><img decoding=\"async\" width=\"580\" height=\"370\" src=\"https:\/\/www.iplhoses.com\/wp-content\/uploads\/2025\/01\/especial-abrasion-news-580x370.jpg\" class=\"full-width wp-post-image\" alt=\"IPL ESPECIAL ABRASI\u00d3N\" title=\"especial abrasion news\" \/><\/a><\/figure><\/div>\t\t\t\r\n\t\t\t\r\n\t\t\t<div class=\"cmsmasters_post_cont_inner\">\r\n\t\t\t<header class=\"cmsmasters_post_header entry-header\"><h4 class=\"cmsmasters_post_title entry-title\"><a href=\"https:\/\/www.iplhoses.com\/es\/ipl-especial-abrasion\/\">IPL ESPECIAL ABRASI\u00d3N<\/a><\/h4><\/header><div class=\"cmsmasters_post_content entry-content\">\n<p>IPL ha comenzado el nuevo a\u00f1o bajo la bandera de la\u00a0resistencia a la abrasi\u00f3n, ofreciendo su amplia gama de mangueras flexibles de...<\/p>\n<\/div>\n<div class=\"cmsmasters_post_read_more_wrap\"><a class=\"cmsmasters_post_read_more\" href=\"https:\/\/www.iplhoses.com\/es\/ipl-especial-abrasion\/\">Read More<\/a><\/div>\t\t\t<\/div>\r\n\t\t<\/div>\r\n\t<\/div>\r\n<\/article>\r\n<!-- Finish Post Masonry Article -->\r\n\r\n<!-- Start Post Masonry Article -->\r\n<article id=\"post-48663\" class=\"cmsmasters_post_masonry post-48663 post type-post status-publish format-standard has-post-thumbnail hentry\" data-category=\"\">\r\n\t<div class=\"cmsmasters_post_cont_wrap\">\r\n\t\t<div class=\"cmsmasters_post_cont\">\r\n\t\t\t<div class=\"cmsmasters_date_img_wrap\"><figure class=\"cmsmasters_img_wrap\"><a href=\"https:\/\/www.iplhoses.com\/es\/nueva-edicion-minicatalogo-ipl\/\" title=\"NUEVA EDICI\u00d3N MINICATALOGO IPL\" class=\"cmsmasters_img_link preloader\"><img decoding=\"async\" width=\"580\" height=\"370\" src=\"https:\/\/www.iplhoses.com\/wp-content\/uploads\/2024\/10\/coming-soon-minicatalogo-4-580x370.webp\" class=\"full-width wp-post-image\" alt=\"NUEVA EDICI\u00d3N MINICATALOGO IPL\" title=\"coming-soon-minicatalogo-4\" \/><\/a><\/figure><\/div>\t\t\t\r\n\t\t\t\r\n\t\t\t<div class=\"cmsmasters_post_cont_inner\">\r\n\t\t\t<header class=\"cmsmasters_post_header entry-header\"><h4 class=\"cmsmasters_post_title entry-title\"><a href=\"https:\/\/www.iplhoses.com\/es\/nueva-edicion-minicatalogo-ipl\/\">NUEVA EDICI\u00d3N MINICATALOGO IPL<\/a><\/h4><\/header><div class=\"cmsmasters_post_content entry-content\">\n<p>Ya est\u00e1 en camino la nueva edici\u00f3n impresa del folleto m\u00e1s esperado por los profesionales. El inimitable y f\u00e1cil de consultar\u00a0MINICATALOGO IPL\u00a0estar\u00e1...<\/p>\n<\/div>\n<div class=\"cmsmasters_post_read_more_wrap\"><a class=\"cmsmasters_post_read_more\" href=\"https:\/\/www.iplhoses.com\/es\/nueva-edicion-minicatalogo-ipl\/\">Read More<\/a><\/div>\t\t\t<\/div>\r\n\t\t<\/div>\r\n\t<\/div>\r\n<\/article>\r\n<!-- Finish Post Masonry Article -->\r\n\r\n<!-- Start Post Masonry Article -->\r\n<article id=\"post-48520\" class=\"cmsmasters_post_masonry post-48520 post type-post status-publish format-standard has-post-thumbnail hentry\" data-category=\"\">\r\n\t<div class=\"cmsmasters_post_cont_wrap\">\r\n\t\t<div class=\"cmsmasters_post_cont\">\r\n\t\t\t<div class=\"cmsmasters_date_img_wrap\"><figure class=\"cmsmasters_img_wrap\"><a href=\"https:\/\/www.iplhoses.com\/es\/ipl-para-la-agricultura-2\/\" title=\"IPL PARA LA AGRICULTURA\" class=\"cmsmasters_img_link preloader\"><img decoding=\"async\" width=\"580\" height=\"370\" src=\"https:\/\/www.iplhoses.com\/wp-content\/uploads\/2024\/09\/foto-news-banner-580x370.jpg\" class=\"full-width wp-post-image\" alt=\"IPL PARA LA AGRICULTURA\" title=\"foto-news-banner\" srcset=\"https:\/\/www.iplhoses.com\/wp-content\/uploads\/2024\/09\/foto-news-banner-580x370.jpg 580w, https:\/\/www.iplhoses.com\/wp-content\/uploads\/2024\/09\/foto-news-banner-470x300.jpg 470w, https:\/\/www.iplhoses.com\/wp-content\/uploads\/2024\/09\/foto-news-banner-970x619.jpg 970w, https:\/\/www.iplhoses.com\/wp-content\/uploads\/2024\/09\/foto-news-banner-768x490.jpg 768w, https:\/\/www.iplhoses.com\/wp-content\/uploads\/2024\/09\/foto-news-banner-860x549.jpg 860w, https:\/\/www.iplhoses.com\/wp-content\/uploads\/2024\/09\/foto-news-banner-360x230.jpg 360w, https:\/\/www.iplhoses.com\/wp-content\/uploads\/2024\/09\/foto-news-banner.jpg 1160w\" sizes=\"(max-width: 580px) 100vw, 580px\" \/><\/a><\/figure><\/div>\t\t\t\r\n\t\t\t\r\n\t\t\t<div class=\"cmsmasters_post_cont_inner\">\r\n\t\t\t<header class=\"cmsmasters_post_header entry-header\"><h4 class=\"cmsmasters_post_title entry-title\"><a href=\"https:\/\/www.iplhoses.com\/es\/ipl-para-la-agricultura-2\/\">IPL PARA LA AGRICULTURA<\/a><\/h4><\/header><div class=\"cmsmasters_post_content entry-content\">\n<p>EDICI\u00d3N ESPECIAL MAQUINARIA AGR\u00cdCOLA IPL comienza de nuevo en septiembre con su campa\u00f1a dedicada a las mangueras flexibles para el sector agr\u00edcola....<\/p>\n<\/div>\n<div class=\"cmsmasters_post_read_more_wrap\"><a class=\"cmsmasters_post_read_more\" href=\"https:\/\/www.iplhoses.com\/es\/ipl-para-la-agricultura-2\/\">Read More<\/a><\/div>\t\t\t<\/div>\r\n\t\t<\/div>\r\n\t<\/div>\r\n<\/article>\r\n<!-- Finish Post Masonry Article -->\r\n\r\n<!-- Start Post Masonry Article -->\r\n<article id=\"post-48127\" class=\"cmsmasters_post_masonry post-48127 post type-post status-publish format-standard has-post-thumbnail hentry\" data-category=\"\">\r\n\t<div class=\"cmsmasters_post_cont_wrap\">\r\n\t\t<div class=\"cmsmasters_post_cont\">\r\n\t\t\t<div class=\"cmsmasters_date_img_wrap\"><figure class=\"cmsmasters_img_wrap\"><a href=\"https:\/\/www.iplhoses.com\/es\/arianna-multipurpose-arianna-ya-esta-online\/\" title=\"ARIANNA MULTIPURPOSE ARIANNA YA EST\u00c1 ONLINE!\" class=\"cmsmasters_img_link preloader\"><img decoding=\"async\" width=\"580\" height=\"370\" src=\"https:\/\/www.iplhoses.com\/wp-content\/uploads\/2024\/07\/ARIANNA-MULTIPURPOSE-NEWS-SITO-SPA-580x370.jpg\" class=\"full-width wp-post-image\" alt=\"ARIANNA MULTIPURPOSE ARIANNA YA EST\u00c1 ONLINE!\" title=\"ARIANNA MULTIPURPOSE NEWS SITO SPA\" \/><\/a><\/figure><\/div>\t\t\t\r\n\t\t\t\r\n\t\t\t<div class=\"cmsmasters_post_cont_inner\">\r\n\t\t\t<header class=\"cmsmasters_post_header entry-header\"><h4 class=\"cmsmasters_post_title entry-title\"><a href=\"https:\/\/www.iplhoses.com\/es\/arianna-multipurpose-arianna-ya-esta-online\/\">ARIANNA MULTIPURPOSE ARIANNA YA EST\u00c1 ONLINE!<\/a><\/h4><\/header><div class=\"cmsmasters_post_content entry-content\">\n<p>La manguera m\u00e1s vers\u00e1til para la industria y la agricultura ya est\u00e1 online! Arianna Multipurpose (c\u00f3digo MURX) es la soluci\u00f3n de PVC-P...<\/p>\n<\/div>\n<div class=\"cmsmasters_post_read_more_wrap\"><a class=\"cmsmasters_post_read_more\" href=\"https:\/\/www.iplhoses.com\/es\/arianna-multipurpose-arianna-ya-esta-online\/\">Read More<\/a><\/div>\t\t\t<\/div>\r\n\t\t<\/div>\r\n\t<\/div>\r\n<\/article>\r\n<!-- Finish Post Masonry Article -->\r\n\r\n<!-- Start Post Masonry Article -->\r\n<article id=\"post-46182\" class=\"cmsmasters_post_masonry post-46182 post type-post status-publish format-standard has-post-thumbnail hentry\" data-category=\"\">\r\n\t<div class=\"cmsmasters_post_cont_wrap\">\r\n\t\t<div class=\"cmsmasters_post_cont\">\r\n\t\t\t<div class=\"cmsmasters_date_img_wrap\"><figure class=\"cmsmasters_img_wrap\"><a href=\"https:\/\/www.iplhoses.com\/es\/mangueras-multicapas-para-el-tratamiento-de-material-abrasivo\/\" title=\"MANGUERAS MULTICAPAS PARA MATERIAL ABRASIVO\" class=\"cmsmasters_img_link preloader\"><img decoding=\"async\" width=\"580\" height=\"370\" src=\"https:\/\/www.iplhoses.com\/wp-content\/uploads\/2024\/01\/IPL-CONCRETE-EDITION-SPA-580x370.jpg\" class=\"full-width wp-post-image\" alt=\"MANGUERAS MULTICAPAS PARA MATERIAL ABRASIVO\" title=\"IPL CONCRETE EDITION SPA\" \/><\/a><\/figure><\/div>\t\t\t\r\n\t\t\t\r\n\t\t\t<div class=\"cmsmasters_post_cont_inner\">\r\n\t\t\t<header class=\"cmsmasters_post_header entry-header\"><h4 class=\"cmsmasters_post_title entry-title\"><a href=\"https:\/\/www.iplhoses.com\/es\/mangueras-multicapas-para-el-tratamiento-de-material-abrasivo\/\">MANGUERAS MULTICAPAS PARA MATERIAL ABRASIVO<\/a><\/h4><\/header><div class=\"cmsmasters_post_content entry-content\">\n<p>Ha comenzado la campa\u00f1a de IPL de mangueras multicapas dedicadas al tratamiento de materiales abrasivos en las industrias de la construcci\u00f3n y...<\/p>\n<\/div>\n<div class=\"cmsmasters_post_read_more_wrap\"><a class=\"cmsmasters_post_read_more\" href=\"https:\/\/www.iplhoses.com\/es\/mangueras-multicapas-para-el-tratamiento-de-material-abrasivo\/\">Read More<\/a><\/div>\t\t\t<\/div>\r\n\t\t<\/div>\r\n\t<\/div>\r\n<\/article>\r\n<!-- Finish Post Masonry Article -->\r\n\r\n<!-- Start Post Masonry Article -->\r\n<article id=\"post-45768\" class=\"cmsmasters_post_masonry post-45768 post type-post status-publish format-standard has-post-thumbnail hentry\" data-category=\"\">\r\n\t<div class=\"cmsmasters_post_cont_wrap\">\r\n\t\t<div class=\"cmsmasters_post_cont\">\r\n\t\t\t<div class=\"cmsmasters_date_img_wrap\"><figure class=\"cmsmasters_img_wrap\"><a href=\"https:\/\/www.iplhoses.com\/es\/nuevo-apollo-superflex-2-special\/\" title=\"NUEVO APOLLO SUPERFLEX 2 SPECIAL\" class=\"cmsmasters_img_link preloader\"><img decoding=\"async\" width=\"580\" height=\"370\" src=\"https:\/\/www.iplhoses.com\/wp-content\/uploads\/2023\/11\/APOLLO-SUPERFLEX-2-SPECIAL-ADVERT-SPA-580x370.jpg\" class=\"full-width wp-post-image\" alt=\"NUEVO APOLLO SUPERFLEX 2 SPECIAL\" title=\"APOLLO SUPERFLEX 2 SPECIAL ADVERT SPA\" \/><\/a><\/figure><\/div>\t\t\t\r\n\t\t\t\r\n\t\t\t<div class=\"cmsmasters_post_cont_inner\">\r\n\t\t\t<header class=\"cmsmasters_post_header entry-header\"><h4 class=\"cmsmasters_post_title entry-title\"><a href=\"https:\/\/www.iplhoses.com\/es\/nuevo-apollo-superflex-2-special\/\">NUEVO APOLLO SUPERFLEX 2 SPECIAL<\/a><\/h4><\/header><div class=\"cmsmasters_post_content entry-content\">\n<p>No hay mejor momento que el invierno para ofrecer la nueva manguera APOLLO SUPERFLEX 2 SPECIAL, la m\u00e1s flexible y ligera de...<\/p>\n<\/div>\n<div class=\"cmsmasters_post_read_more_wrap\"><a class=\"cmsmasters_post_read_more\" href=\"https:\/\/www.iplhoses.com\/es\/nuevo-apollo-superflex-2-special\/\">Read More<\/a><\/div>\t\t\t<\/div>\r\n\t\t<\/div>\r\n\t<\/div>\r\n<\/article>\r\n<!-- Finish Post Masonry Article -->\r\n\r\n<!-- Start Post Masonry Article -->\r\n<article id=\"post-45267\" class=\"cmsmasters_post_masonry post-45267 post type-post status-publish format-standard has-post-thumbnail hentry\" data-category=\"\">\r\n\t<div class=\"cmsmasters_post_cont_wrap\">\r\n\t\t<div class=\"cmsmasters_post_cont\">\r\n\t\t\t<div class=\"cmsmasters_date_img_wrap\"><figure class=\"cmsmasters_img_wrap\"><a href=\"https:\/\/www.iplhoses.com\/es\/ipl-para-el-tratamiento-de-aguas-residuales\/\" title=\"IPL PARA EL TRATAMIENTO DE AGUAS RESIDUALES\" class=\"cmsmasters_img_link preloader\"><img decoding=\"async\" width=\"580\" height=\"370\" src=\"https:\/\/www.iplhoses.com\/wp-content\/uploads\/2023\/09\/banner-spa-580x370.jpg\" class=\"full-width wp-post-image\" alt=\"IPL PARA EL TRATAMIENTO DE AGUAS RESIDUALES\" title=\"banner spa\" \/><\/a><\/figure><\/div>\t\t\t\r\n\t\t\t\r\n\t\t\t<div class=\"cmsmasters_post_cont_inner\">\r\n\t\t\t<header class=\"cmsmasters_post_header entry-header\"><h4 class=\"cmsmasters_post_title entry-title\"><a href=\"https:\/\/www.iplhoses.com\/es\/ipl-para-el-tratamiento-de-aguas-residuales\/\">IPL PARA EL TRATAMIENTO DE AGUAS RESIDUALES<\/a><\/h4><\/header><div class=\"cmsmasters_post_content entry-content\">\n<p>IPL inicia de nuevo en septiembre con la SEWAGE EDITION, la campa\u00f1a de mangueras industriales para el tratamiento de aguas residuales. La...<\/p>\n<\/div>\n<div class=\"cmsmasters_post_read_more_wrap\"><a class=\"cmsmasters_post_read_more\" href=\"https:\/\/www.iplhoses.com\/es\/ipl-para-el-tratamiento-de-aguas-residuales\/\">Read More<\/a><\/div>\t\t\t<\/div>\r\n\t\t<\/div>\r\n\t<\/div>\r\n<\/article>\r\n<!-- Finish Post Masonry Article -->\r\n\r\n<\/div><div class=\"cmsmasters_wrap_more_posts cmsmasters_wrap_more_items\"><div class=\"cmsmasters_wrap_pagination\"><ul class='page-numbers'>\n\t<li><span aria-current=\"page\" class=\"page-numbers current\">1<\/span><\/li>\n\t<li><a class=\"page-numbers\" href=\"https:\/\/www.iplhoses.com\/es\/wp-json\/wp\/v2\/pages\/30095\/page\/2\/\">2<\/a><\/li>\n\t<li><a class=\"next page-numbers\" href=\"https:\/\/www.iplhoses.com\/es\/wp-json\/wp\/v2\/pages\/30095\/page\/2\/\"><span class=\"cmsmasters_theme_icon_pagination_next\"><span><\/span><\/span><\/a><\/li>\n<\/ul>\n<\/div><\/div><\/div>\n<\/div><\/div>\n<\/div>\n<\/div>\n<\/div>\n<\/div>\n<\/div>\n","protected":false},"excerpt":{"rendered":"","protected":false},"author":1,"featured_media":0,"parent":0,"menu_order":0,"comment_status":"closed","ping_status":"closed","template":"","meta":{"_FSMCFIC_featured_image_caption":"","_FSMCFIC_featured_image_nocaption":"","_FSMCFIC_featured_image_hide":"","footnotes":""},"class_list":["post-30095","page","type-page","status-publish","hentry"],"acf":[],"_links":{"self":[{"href":"https:\/\/www.iplhoses.com\/es\/wp-json\/wp\/v2\/pages\/30095","targetHints":{"allow":["GET"]}}],"collection":[{"href":"https:\/\/www.iplhoses.com\/es\/wp-json\/wp\/v2\/pages"}],"about":[{"href":"https:\/\/www.iplhoses.com\/es\/wp-json\/wp\/v2\/types\/page"}],"author":[{"embeddable":true,"href":"https:\/\/www.iplhoses.com\/es\/wp-json\/wp\/v2\/users\/1"}],"replies":[{"embeddable":true,"href":"https:\/\/www.iplhoses.com\/es\/wp-json\/wp\/v2\/comments?post=30095"}],"version-history":[{"count":5,"href":"https:\/\/www.iplhoses.com\/es\/wp-json\/wp\/v2\/pages\/30095\/revisions"}],"predecessor-version":[{"id":36630,"href":"https:\/\/www.iplhoses.com\/es\/wp-json\/wp\/v2\/pages\/30095\/revisions\/36630"}],"wp:attachment":[{"href":"https:\/\/www.iplhoses.com\/es\/wp-json\/wp\/v2\/media?parent=30095"}],"curies":[{"name":"wp","href":"https:\/\/api.w.org\/{rel}","templated":true}]}}