{"id":30008,"date":"2022-11-01T19:46:27","date_gmt":"2022-11-01T18:46:27","guid":{"rendered":"https:\/\/stage.iplhoses.com\/chi-siamo\/"},"modified":"2023-06-14T11:14:08","modified_gmt":"2023-06-14T09:14:08","slug":"perfil-de-la-compania","status":"publish","type":"page","link":"https:\/\/www.iplhoses.com\/es\/perfil-de-la-compania\/","title":{"rendered":"QUIENES SOMOS"},"content":{"rendered":"<div id=\"cmsmasters_row_as97qz4tj\" class=\"cmsmasters_row cmsmasters_color_scheme_default cmsmasters_row_top_default cmsmasters_row_bot_default cmsmasters_row_boxed\">\n<div class=\"cmsmasters_row_outer_parent\">\n<div class=\"cmsmasters_row_outer\">\n<div class=\"cmsmasters_row_inner\">\n<div class=\"cmsmasters_row_margin\">\n<div id=\"cmsmasters_column_r7v3gfez5v\" class=\"cmsmasters_column one_first\">\n<div class=\"cmsmasters_column_inner\"><div class=\"aligncenter\"><div class=\"cmsmasters_img  cmsmasters_image_c\"><img decoding=\"async\" src=\"https:\/\/www.iplhoses.com\/wp-content\/uploads\/2022\/11\/IPL-pic-from-the-top.jpg\" alt=\"IPL pic from the top\" \/><\/div><\/div>\n<\/div><\/div>\n<\/div>\n<\/div>\n<\/div>\n<\/div>\n<\/div>\n<div id=\"cmsmasters_row_\" class=\"cmsmasters_row cmsmasters_color_scheme_default cmsmasters_row_top_default cmsmasters_row_bot_default cmsmasters_row_boxed\">\n<div class=\"cmsmasters_row_outer_parent\">\n<div class=\"cmsmasters_row_outer\">\n<div class=\"cmsmasters_row_inner\">\n<div class=\"cmsmasters_row_margin\">\n<div id=\"cmsmasters_column_\" class=\"cmsmasters_column one_half\">\n<div class=\"cmsmasters_column_inner\"><div class=\"cmsmasters_text\">\n<p><a href=\"https:\/\/www.iplhoses.com\/wp-content\/uploads\/2023\/02\/Logo_IPL_Cover5.png\"><img decoding=\"async\" class=\"aligncenter size-full wp-image-36565\" src=\"https:\/\/www.iplhoses.com\/wp-content\/uploads\/2023\/02\/Logo_IPL_Cover5.png\" alt=\"ipl\" width=\"755\" height=\"300\" srcset=\"https:\/\/www.iplhoses.com\/wp-content\/uploads\/2023\/02\/Logo_IPL_Cover5.png 755w, https:\/\/www.iplhoses.com\/wp-content\/uploads\/2023\/02\/Logo_IPL_Cover5-470x187.png 470w, https:\/\/www.iplhoses.com\/wp-content\/uploads\/2023\/02\/Logo_IPL_Cover5-580x230.png 580w, https:\/\/www.iplhoses.com\/wp-content\/uploads\/2023\/02\/Logo_IPL_Cover5-360x143.png 360w\" sizes=\"(max-width: 755px) 100vw, 755px\" \/><\/a><\/p>\n<p class=\"first\">Fundada a mediados de los a\u00f1os \u201870 ,<strong>\u00a0Industrie Plastiche Lombarde S.p.A.<\/strong>\u00a0hoy es una empresa especializada en la producci\u00f3n y distribuci\u00f3n de tubos flexibles en TPU, PVC y otros materiales pl\u00e1sticos.<\/p>\n<p>IPL trabaja en los sectores industrial y alimenticio desde hace m\u00e1s de 40 a\u00f1os, ofreciendo una gama completa de productos, respetando al m\u00e1ximo los est\u00e1ndares qualitativos y respodiendo con eficacia y flexibilidad a las exigencias de nuestros clientes.<\/p>\n<p>Adem\u00e1s de la alta calidad de las materias primas usadas en la fabricaci\u00f3n de nuestros productos, IPL ofrece a sus clientes todo su \u201cknow how\u201d adquirido atrav\u00e9s de los a\u00f1os de experiencia , durante un proceso constante de desarrollo de materiales innovativos, tecnologia de avanguardia , y formaci\u00f3n de todo el equipo humano, a fin de poder garantizar fiabilidad y asistencia en sus productos.<\/p>\n<p>IPL, empresa certificada ISO 9001:2015\u00a0 desde hace m\u00e1s de 20 a\u00f1os, ha implementado su sistema de producci\u00f3n en el \u00e1mbito de los tubos alimentarios y farmaceuticos, adoptando las l\u00edneas de actuaci\u00f3n previstas en la certificaci\u00f3n GMP (Good Manufacturing Practices), en cuanto al control de calidad de sus procesos,<br \/>\nNuestra compa\u00f1\u00eda dispone de un amplia gama de soluciones flexibles que se adaptan a las m\u00e1s diversas aplicaciones en el \u00e1mbito industrial , siendo los principales sectores: la agricultura, industria pl\u00e1stica, industria maderera, ventilaci\u00f3n y aire acondicionado, industria na\u00fatica, tratamiento de l\u00edquidos, industria alimentaria, industria farmac\u00e9utica y petroqu\u00edmica entre otros.<\/p>\n<p>IPL ofrece a sus propios clientes, soluciones personalizadas que permiten satisfacer las necesidades m\u00e1s exigentes con la posibilidad de producir y servir el producto m\u00e1s adecuado en cada momento. Gracias a nuestro departamento de desarrollo e innovaci\u00f3n, la empresa ofrece informaci\u00f3n detallada y actualizada de sus productos, materiales y normativa vigente.<\/p>\n<p>IPL y la\u00a0<strong>Lean Manufacturing<\/strong>\u00a0en la era de la ind\u00fastria 4.0<\/p>\n<p>En 2018 IPL ha implantado la metodolog\u00eda inventada por TOYOTA para estar al paso con la Cuarta Revoluci\u00f3n Industrial, adoptando los procesos del programa en cada una de las fases productivas. Este ambicioso proyecto, representa un verdadero cambio cultural, con la introducci\u00f3n de soluciones en grado de valorizar la excelencia y potenciar la competitividad, en un momento donde la\u00a0<strong>flexibilidad<\/strong>\u00a0al cambio constituye la base fundamental para crear un modelo operativo \u201cbest-in-class\u201d.<br \/>\nEn el \u00e1mbito del programa \u201cLean\u201d, IPL se impone como objetivo, la optimizaci\u00f3n productiva, consiguiendo un justo nivel de excelencia y responsabilidad respeto a los recursos y materiales utilizados.<\/p>\n<p class=\"first\">Casi medio siglo de ideas, entusiasmo y valores, han hecho posible una historia de \u00e9xito italiana.<\/p>\n<\/div>\n<\/div><\/div>\n<div id=\"cmsmasters_column_8rc4qkbjk\" class=\"cmsmasters_column one_half\">\n<div class=\"cmsmasters_column_inner\"><div class=\"aligncenter\"><div class=\"cmsmasters_img  cmsmasters_image_c with_caption\"><a href=\"https:\/\/www.iplhoses.com\/wp-content\/uploads\/2023\/01\/number-1.jpg\"><img decoding=\"async\" src=\"https:\/\/www.iplhoses.com\/wp-content\/uploads\/2023\/01\/number-1.jpg\" alt=\"IPL pic from the top\" \/><\/a><p class=\"cmsmasters_img_caption\">Sede y planta de producci\u00f3n, situadas en Besozzo(VA)<\/p><\/div><\/div><div class=\"aligncenter\"><div class=\"cmsmasters_img  cmsmasters_image_c with_caption\"><img decoding=\"async\" src=\"https:\/\/www.iplhoses.com\/wp-content\/uploads\/2022\/11\/about-800.jpg\" alt=\"about\" \/><p class=\"cmsmasters_img_caption\">Vista general del almac\u00e9n IPL<\/p><\/div><\/div>\n<\/div><\/div>\n<\/div>\n<\/div>\n<\/div>\n<\/div>\n<\/div>\n\n","protected":false},"excerpt":{"rendered":"","protected":false},"author":1,"featured_media":0,"parent":0,"menu_order":0,"comment_status":"closed","ping_status":"closed","template":"","meta":{"_FSMCFIC_featured_image_caption":"","_FSMCFIC_featured_image_nocaption":"","_FSMCFIC_featured_image_hide":"","footnotes":""},"class_list":["post-30008","page","type-page","status-publish","hentry"],"acf":[],"_links":{"self":[{"href":"https:\/\/www.iplhoses.com\/es\/wp-json\/wp\/v2\/pages\/30008","targetHints":{"allow":["GET"]}}],"collection":[{"href":"https:\/\/www.iplhoses.com\/es\/wp-json\/wp\/v2\/pages"}],"about":[{"href":"https:\/\/www.iplhoses.com\/es\/wp-json\/wp\/v2\/types\/page"}],"author":[{"embeddable":true,"href":"https:\/\/www.iplhoses.com\/es\/wp-json\/wp\/v2\/users\/1"}],"replies":[{"embeddable":true,"href":"https:\/\/www.iplhoses.com\/es\/wp-json\/wp\/v2\/comments?post=30008"}],"version-history":[{"count":5,"href":"https:\/\/www.iplhoses.com\/es\/wp-json\/wp\/v2\/pages\/30008\/revisions"}],"predecessor-version":[{"id":42995,"href":"https:\/\/www.iplhoses.com\/es\/wp-json\/wp\/v2\/pages\/30008\/revisions\/42995"}],"wp:attachment":[{"href":"https:\/\/www.iplhoses.com\/es\/wp-json\/wp\/v2\/media?parent=30008"}],"curies":[{"name":"wp","href":"https:\/\/api.w.org\/{rel}","templated":true}]}}