{"id":36864,"date":"2023-02-28T09:47:16","date_gmt":"2023-02-28T08:47:16","guid":{"rendered":"https:\/\/www.iplhoses.com\/?page_id=36864"},"modified":"2023-04-19T11:10:00","modified_gmt":"2023-04-19T09:10:00","slug":"kontakte","status":"publish","type":"page","link":"https:\/\/www.iplhoses.com\/de\/kontakte\/","title":{"rendered":"KONTAKTE"},"content":{"rendered":"<div id=\"cmsmasters_row_acs88z33ni\" class=\"cmsmasters_row cmsmasters_color_scheme_default cmsmasters_row_top_default cmsmasters_row_bot_default cmsmasters_row_boxed\">\n<div class=\"cmsmasters_row_outer_parent\">\n<div class=\"cmsmasters_row_outer\">\n<div class=\"cmsmasters_row_inner\">\n<div class=\"cmsmasters_row_margin\">\n<div id=\"cmsmasters_column_25ssezq2u\" class=\"cmsmasters_column one_first\">\n<div class=\"cmsmasters_column_inner\"><div class=\"cmsmasters_text\">\n<p style=\"color: #7a7a7a;\">IPL S.p.A. ist in Europa mit zwei Vertriebst\u00f6chtern vertreten, n\u00e4mlich IPL UK Ltd, seit \u00fcber einem Jahrzehnt t\u00e4tig und in der N\u00e4he von Birmingham (in der Region West Midlands) ans\u00e4ssig und die erst k\u00fcrzlich gegr\u00fcndete IPL Mangueras T\u00e9cnica S.L. in der N\u00e4he von Barcelona.<\/p>\n<p style=\"color: #7a7a7a;\">Im Fr\u00fchjahr 2012 er\u00f6ffnete IPL au\u00dferdem IPL Industrial Hoses (Shanghai) Co. Ltd. in der gleichnamigen chinesischen Stadt, um einen effizienten Service f\u00fcr Kunden auf dem asiatischen Kontinent zu gew\u00e4hrleisten.<\/p>\n<\/div>\n<\/div><\/div>\n<\/div>\n<\/div>\n<\/div>\n<\/div>\n<\/div>\n<div id=\"cmsmasters_row_h4kdvfv03\" class=\"cmsmasters_row cmsmasters_color_scheme_default cmsmasters_row_top_default cmsmasters_row_bot_default cmsmasters_row_boxed\">\n<div class=\"cmsmasters_row_outer_parent\">\n<div class=\"cmsmasters_row_outer\">\n<div class=\"cmsmasters_row_inner\">\n<div class=\"cmsmasters_row_margin\">\n<div id=\"cmsmasters_column_ky79aqqfi\" class=\"cmsmasters_column one_third\">\n<div class=\"cmsmasters_column_inner\"><div class=\"cmsmasters_text\">\n<div class=\"wpcf7 no-js\" id=\"wpcf7-f30959-o1\" lang=\"en-US\" dir=\"ltr\" data-wpcf7-id=\"30959\">\n<div class=\"screen-reader-response\"><p role=\"status\" aria-live=\"polite\" aria-atomic=\"true\"><\/p> <ul><\/ul><\/div>\n<form action=\"\/de\/wp-json\/wp\/v2\/pages\/36864#wpcf7-f30959-o1\" method=\"post\" class=\"wpcf7-form init\" aria-label=\"Contact form\" novalidate=\"novalidate\" data-status=\"init\">\n<fieldset class=\"hidden-fields-container\"><input type=\"hidden\" name=\"_wpcf7\" value=\"30959\" \/><input type=\"hidden\" name=\"_wpcf7_version\" value=\"6.1.5\" \/><input type=\"hidden\" name=\"_wpcf7_locale\" value=\"en_US\" \/><input type=\"hidden\" name=\"_wpcf7_unit_tag\" value=\"wpcf7-f30959-o1\" \/><input type=\"hidden\" name=\"_wpcf7_container_post\" value=\"0\" \/><input type=\"hidden\" name=\"_wpcf7_posted_data_hash\" value=\"\" \/><input type=\"hidden\" name=\"_wpcf7_recaptcha_response\" value=\"\" \/>\n<\/fieldset>\n<div class=\"cmsmasters-form-builder\">\n\t<div class=\"form_info one_first\">\n\t\t<p><span class=\"wpcf7-form-control-wrap\" data-name=\"your-name\"><input size=\"40\" maxlength=\"400\" class=\"wpcf7-form-control wpcf7-text wpcf7-validates-as-required\" aria-required=\"true\" aria-invalid=\"false\" placeholder=\"Vor- und Nachname\" value=\"\" type=\"text\" name=\"your-name\" \/><\/span>\n\t\t<\/p>\n\t<\/div>\n\t<div class=\"form_info one_first\">\n\t\t<p><span class=\"wpcf7-form-control-wrap\" data-name=\"your-email\"><input size=\"40\" maxlength=\"400\" class=\"wpcf7-form-control wpcf7-email wpcf7-validates-as-required wpcf7-text wpcf7-validates-as-email\" aria-required=\"true\" aria-invalid=\"false\" placeholder=\"E-Mail Adresse\" value=\"\" type=\"email\" name=\"your-email\" \/><\/span>\n\t\t<\/p>\n\t<\/div>\n\t<div class=\"form_info one_first\">\n\t\t<p><span class=\"wpcf7-form-control-wrap\" data-name=\"your-country\"><select class=\"wpcf7-form-control wpcf7-select wpcf7-validates-as-required\" id=\"contact_country\" aria-required=\"true\" aria-invalid=\"false\" name=\"your-country\"><option value=\"Italy\">Italy<\/option><option value=\"United Kingdom\">United Kingdom<\/option><option value=\"Spain\">Spain<\/option><option value=\"---\">---<\/option><option value=\"Afghanistan\">Afghanistan<\/option><option value=\"Albania\">Albania<\/option><option value=\"Algeria\">Algeria<\/option><option value=\"American Samoa\">American Samoa<\/option><option value=\"Andorra\">Andorra<\/option><option value=\"Angola\">Angola<\/option><option value=\"Anguilla\">Anguilla<\/option><option value=\"Antigua and Barbuda\">Antigua and Barbuda<\/option><option value=\"Argentina\">Argentina<\/option><option value=\"Armenia\">Armenia<\/option><option value=\"Armenia\">Armenia<\/option><option value=\"Aruba\">Aruba<\/option><option value=\"Australia\">Australia<\/option><option value=\"Austria\">Austria<\/option><option value=\"Azerbaijan\">Azerbaijan<\/option><option value=\"Azerbaijan\">Azerbaijan<\/option><option value=\"Bahamas\">Bahamas<\/option><option value=\"Bahrain\">Bahrain<\/option><option value=\"Bangladesh\">Bangladesh<\/option><option value=\"Barbados\">Barbados<\/option><option value=\"Belarus\">Belarus<\/option><option value=\"Belgium\">Belgium<\/option><option value=\"Belize\">Belize<\/option><option value=\"Benin\">Benin<\/option><option value=\"Bermuda\">Bermuda<\/option><option value=\"Bhutan\">Bhutan<\/option><option value=\"Bolivia\">Bolivia<\/option><option value=\"Bonaire\">Bonaire<\/option><option value=\"Bosnia and Herzegovina\">Bosnia and Herzegovina<\/option><option value=\"Botswana\">Botswana<\/option><option value=\"Bouvet Island (Bouvetoya)\">Bouvet Island (Bouvetoya)<\/option><option value=\"Brazil\">Brazil<\/option><option value=\"British Indian Ocean Territory (Chagos Archipelago)\">British Indian Ocean Territory (Chagos Archipelago)<\/option><option value=\"British Virgin Islands\">British Virgin Islands<\/option><option value=\"Brunei Darussalam\">Brunei Darussalam<\/option><option value=\"Bulgaria\">Bulgaria<\/option><option value=\"Burkina Faso\">Burkina Faso<\/option><option value=\"Burundi\">Burundi<\/option><option value=\"Cambodia\">Cambodia<\/option><option value=\"Cameroon\">Cameroon<\/option><option value=\"Canada\">Canada<\/option><option value=\"Cape Verde\">Cape Verde<\/option><option value=\"Cayman Islands\">Cayman Islands<\/option><option value=\"Central African Republic\">Central African Republic<\/option><option value=\"Chad\">Chad<\/option><option value=\"Chile\">Chile<\/option><option value=\"China\">China<\/option><option value=\"Christmas Island\">Christmas Island<\/option><option value=\"Cocos (Keeling) Islands\">Cocos (Keeling) Islands<\/option><option value=\"Colombia\">Colombia<\/option><option value=\"Comoros\">Comoros<\/option><option value=\"Congo\">Congo<\/option><option value=\"Congo\">Congo<\/option><option value=\"Cook Islands\">Cook Islands<\/option><option value=\"Costa Rica\">Costa Rica<\/option><option value=\"Cote d&#039;Ivoire\">Cote d&#039;Ivoire<\/option><option value=\"Croatia\">Croatia<\/option><option value=\"Cuba\">Cuba<\/option><option value=\"Cura\u00e7ao\">Cura\u00e7ao<\/option><option value=\"Cyprus\">Cyprus<\/option><option value=\"Cyprus\">Cyprus<\/option><option value=\"Czech Republic\">Czech Republic<\/option><option value=\"Denmark\">Denmark<\/option><option value=\"Djibouti\">Djibouti<\/option><option value=\"Dominica\">Dominica<\/option><option value=\"Dominican Republic\">Dominican Republic<\/option><option value=\"Ecuador\">Ecuador<\/option><option value=\"Egypt\">Egypt<\/option><option value=\"El Salvador\">El Salvador<\/option><option value=\"Equatorial Guinea\">Equatorial Guinea<\/option><option value=\"Eritrea\">Eritrea<\/option><option value=\"Estonia\">Estonia<\/option><option value=\"Ethiopia\">Ethiopia<\/option><option value=\"Falkland Islands (Malvinas)\">Falkland Islands (Malvinas)<\/option><option value=\"Faroe Islands\">Faroe Islands<\/option><option value=\"Fiji\">Fiji<\/option><option value=\"Finland\">Finland<\/option><option value=\"France\">France<\/option><option value=\"French Guiana\">French Guiana<\/option><option value=\"French Polynesia\">French Polynesia<\/option><option value=\"French Southern Territories\">French Southern Territories<\/option><option value=\"Gabon\">Gabon<\/option><option value=\"Gambia\">Gambia<\/option><option value=\"Georgia\">Georgia<\/option><option value=\"Germany\">Germany<\/option><option value=\"Ghana\">Ghana<\/option><option value=\"Gibraltar\">Gibraltar<\/option><option value=\"Greece\">Greece<\/option><option value=\"Greenland\">Greenland<\/option><option value=\"Grenada\">Grenada<\/option><option value=\"Guadeloupe\">Guadeloupe<\/option><option value=\"Guam\">Guam<\/option><option value=\"Guatemala\">Guatemala<\/option><option value=\"Guernsey\">Guernsey<\/option><option value=\"Guinea\">Guinea<\/option><option value=\"Guinea-Bissau\">Guinea-Bissau<\/option><option value=\"Guyana\">Guyana<\/option><option value=\"Haiti\">Haiti<\/option><option value=\"Heard Island and McDonald Islands\">Heard Island and McDonald Islands<\/option><option value=\"Holy See (Vatican City State)\">Holy See (Vatican City State)<\/option><option value=\"Honduras\">Honduras<\/option><option value=\"Hong Kong\">Hong Kong<\/option><option value=\"Hungary\">Hungary<\/option><option value=\"Iceland\">Iceland<\/option><option value=\"India\">India<\/option><option value=\"Indonesia\">Indonesia<\/option><option value=\"Iran\">Iran<\/option><option value=\"Iraq\">Iraq<\/option><option value=\"Ireland\">Ireland<\/option><option value=\"Isle of Man\">Isle of Man<\/option><option value=\"Israel\">Israel<\/option><option value=\"Jamaica\">Jamaica<\/option><option value=\"Japan\">Japan<\/option><option value=\"Jersey\">Jersey<\/option><option value=\"Jordan\">Jordan<\/option><option value=\"Kazakhstan\">Kazakhstan<\/option><option value=\"Kazakhstan\">Kazakhstan<\/option><option value=\"Kenya\">Kenya<\/option><option value=\"Kiribati\">Kiribati<\/option><option value=\"Korea\">Korea<\/option><option value=\"Korea\">Korea<\/option><option value=\"Kuwait\">Kuwait<\/option><option value=\"Kyrgyz Republic\">Kyrgyz Republic<\/option><option value=\"Lao People&#039;s Democratic Republic\">Lao People&#039;s Democratic Republic<\/option><option value=\"Latvia\">Latvia<\/option><option value=\"Lebanon\">Lebanon<\/option><option value=\"Lesotho\">Lesotho<\/option><option value=\"Liberia\">Liberia<\/option><option value=\"Libyan Arab Jamahiriya\">Libyan Arab Jamahiriya<\/option><option value=\"Liechtenstein\">Liechtenstein<\/option><option value=\"Lithuania\">Lithuania<\/option><option value=\"Luxembourg\">Luxembourg<\/option><option value=\"Macao\">Macao<\/option><option value=\"Macedonia\">Macedonia<\/option><option value=\"Madagascar\">Madagascar<\/option><option value=\"Malawi\">Malawi<\/option><option value=\"Malaysia\">Malaysia<\/option><option value=\"Maldives\">Maldives<\/option><option value=\"Mali\">Mali<\/option><option value=\"Malta\">Malta<\/option><option value=\"Marshall Islands\">Marshall Islands<\/option><option value=\"Martinique\">Martinique<\/option><option value=\"Mauritania\">Mauritania<\/option><option value=\"Mauritius\">Mauritius<\/option><option value=\"Mayotte\">Mayotte<\/option><option value=\"Micronesia\">Micronesia<\/option><option value=\"Moldova\">Moldova<\/option><option value=\"Monaco\">Monaco<\/option><option value=\"Mongolia\">Mongolia<\/option><option value=\"Montenegro\">Montenegro<\/option><option value=\"Montserrat\">Montserrat<\/option><option value=\"Morocco\">Morocco<\/option><option value=\"Mozambique\">Mozambique<\/option><option value=\"Myanmar\">Myanmar<\/option><option value=\"Namibia\">Namibia<\/option><option value=\"Nauru\">Nauru<\/option><option value=\"Nepal\">Nepal<\/option><option value=\"Netherlands\">Netherlands<\/option><option value=\"Netherlands Antilles\">Netherlands Antilles<\/option><option value=\"New Caledonia\">New Caledonia<\/option><option value=\"New Zealand\">New Zealand<\/option><option value=\"Nicaragua\">Nicaragua<\/option><option value=\"Niger\">Niger<\/option><option value=\"Nigeria\">Nigeria<\/option><option value=\"Niue\">Niue<\/option><option value=\"Norfolk Island\">Norfolk Island<\/option><option value=\"Northern Mariana Islands\">Northern Mariana Islands<\/option><option value=\"Mexico\">Mexico<\/option><option value=\"Norway\">Norway<\/option><option value=\"Oman\">Oman<\/option><option value=\"Pakistan\">Pakistan<\/option><option value=\"Palau\">Palau<\/option><option value=\"Palestinian Territory\">Palestinian Territory<\/option><option value=\"Panama\">Panama<\/option><option value=\"Papua New Guinea\">Papua New Guinea<\/option><option value=\"Paraguay\">Paraguay<\/option><option value=\"Peru\">Peru<\/option><option value=\"Philippines\">Philippines<\/option><option value=\"Pitcairn Islands\">Pitcairn Islands<\/option><option value=\"Poland\">Poland<\/option><option value=\"Portugal\">Portugal<\/option><option value=\"Puerto Rico\">Puerto Rico<\/option><option value=\"Qatar\">Qatar<\/option><option value=\"Reunion\">Reunion<\/option><option value=\"Romania\">Romania<\/option><option value=\"Russian Federation\">Russian Federation<\/option><option value=\"Rwanda\">Rwanda<\/option><option value=\"Saint Barthelemy\">Saint Barthelemy<\/option><option value=\"Saint Helena\">Saint Helena<\/option><option value=\"Saint Kitts and Nevis\">Saint Kitts and Nevis<\/option><option value=\"Saint Lucia\">Saint Lucia<\/option><option value=\"Saint Martin\">Saint Martin<\/option><option value=\"Saint Pierre and Miquelon\">Saint Pierre and Miquelon<\/option><option value=\"Saint Vincent and the Grenadines\">Saint Vincent and the Grenadines<\/option><option value=\"Samoa\">Samoa<\/option><option value=\"San Marino\">San Marino<\/option><option value=\"Sao Tome and Principe\">Sao Tome and Principe<\/option><option value=\"Saudi Arabia\">Saudi Arabia<\/option><option value=\"Senegal\">Senegal<\/option><option value=\"Serbia\">Serbia<\/option><option value=\"Seychelles\">Seychelles<\/option><option value=\"Sierra Leone\">Sierra Leone<\/option><option value=\"Singapore\">Singapore<\/option><option value=\"Sint Maarten (Netherlands)\">Sint Maarten (Netherlands)<\/option><option value=\"Slovakia (Slovak Republic)\">Slovakia (Slovak Republic)<\/option><option value=\"Slovenia\">Slovenia<\/option><option value=\"Solomon Islands\">Solomon Islands<\/option><option value=\"Somalia\">Somalia<\/option><option value=\"South Africa\">South Africa<\/option><option value=\"South Georgia &amp; S. Sandwich Islands\">South Georgia &amp; S. Sandwich Islands<\/option><option value=\"Sri Lanka\">Sri Lanka<\/option><option value=\"Sudan\">Sudan<\/option><option value=\"Suriname\">Suriname<\/option><option value=\"Svalbard &amp; Jan Mayen Islands\">Svalbard &amp; Jan Mayen Islands<\/option><option value=\"Swaziland\">Swaziland<\/option><option value=\"Sweden\">Sweden<\/option><option value=\"Switzerland\">Switzerland<\/option><option value=\"Syrian Arab Republic\">Syrian Arab Republic<\/option><option value=\"Taiwan\">Taiwan<\/option><option value=\"Tajikistan\">Tajikistan<\/option><option value=\"Tanzania\">Tanzania<\/option><option value=\"Thailand\">Thailand<\/option><option value=\"Timor-Leste\">Timor-Leste<\/option><option value=\"Togo\">Togo<\/option><option value=\"Tokelau\">Tokelau<\/option><option value=\"Tonga\">Tonga<\/option><option value=\"Trinidad and Tobago\">Trinidad and Tobago<\/option><option value=\"Tunisia\">Tunisia<\/option><option value=\"Turkey\">Turkey<\/option><option value=\"Turkey\">Turkey<\/option><option value=\"Turkmenistan\">Turkmenistan<\/option><option value=\"Turks and Caicos Islands\">Turks and Caicos Islands<\/option><option value=\"Tuvalu\">Tuvalu<\/option><option value=\"U.S. Virgin Islands\">U.S. Virgin Islands<\/option><option value=\"U.S. Minor Outlying Islands\">U.S. Minor Outlying Islands<\/option><option value=\"Uganda\">Uganda<\/option><option value=\"Ukraine\">Ukraine<\/option><option value=\"United Arab Emirates\">United Arab Emirates<\/option><option value=\"Uruguay\">Uruguay<\/option><option value=\"Uzbekistan\">Uzbekistan<\/option><option value=\"Vanuatu\">Vanuatu<\/option><option value=\"Venezuela\">Venezuela<\/option><option value=\"Vietnam\">Vietnam<\/option><option value=\"Wallis and Futuna\">Wallis and Futuna<\/option><option value=\"Western Sahara\">Western Sahara<\/option><option value=\"Yemen\">Yemen<\/option><option value=\"Zambia\">Zambia<\/option><option value=\"Zimbabwe\">Zimbabwe<\/option><\/select><\/span>\n\t\t<\/p>\n\t<\/div>\n\t<div class=\"form_info one_first\">\n\t\t<p><span class=\"wpcf7-form-control-wrap\" data-name=\"contact-type\"><select class=\"wpcf7-form-control wpcf7-select wpcf7-validates-as-required\" id=\"contact_type\" aria-required=\"true\" aria-invalid=\"false\" name=\"contact-type\"><option value=\"Produktinformation\">Produktinformation<\/option><option value=\"Preisanfrage\">Preisanfrage<\/option><option value=\"Marketinganfrage\">Marketinganfrage<\/option><option value=\"Jobs und Karriere\">Jobs und Karriere<\/option><option value=\"Weitere\">Weitere<\/option><\/select><\/span>\n\t\t<\/p>\n\t<\/div>\n\t<div class=\"form_info one_first ipl-hide-feild\">\n\t\t<p><span class=\"wpcf7-form-control-wrap\" data-name=\"your-company\"><input size=\"40\" maxlength=\"400\" class=\"wpcf7-form-control wpcf7-text wpcf7-validates-as-required\" id=\"contact_company\" aria-required=\"true\" aria-invalid=\"false\" placeholder=\"Name der Firma\" value=\"\" type=\"text\" name=\"your-company\" \/><\/span>\n\t\t<\/p>\n\t<\/div>\n\t<div class=\"form_info one_first\" style=\"display:none;\">\n\t\t<p><span class=\"wpcf7-form-control-wrap\" data-name=\"to-recipient\"><input size=\"40\" maxlength=\"400\" class=\"wpcf7-form-control wpcf7-email wpcf7-validates-as-required wpcf7-text wpcf7-validates-as-email\" id=\"contact_recipient\" aria-required=\"true\" aria-invalid=\"false\" value=\"commerciale@ipl.it\" type=\"email\" name=\"to-recipient\" \/><\/span>\n\t\t<\/p>\n\t<\/div>\n\t<div class=\"form_info one_first\">\n\t\t<p><span class=\"wpcf7-form-control-wrap\" data-name=\"your-message\"><input size=\"40\" maxlength=\"400\" class=\"wpcf7-form-control wpcf7-text wpcf7-validates-as-required\" aria-required=\"true\" aria-invalid=\"false\" placeholder=\"Ihre Meldung\" value=\"\" type=\"text\" name=\"your-message\" \/><\/span>\n\t\t<\/p>\n\t<\/div>\n\t<div class=\"form_info one_first\">\n\t\t<div class=\"cmsmasters_submit_wrap\">\n\t\t\t<p><input class=\"wpcf7-form-control wpcf7-submit has-spinner\" type=\"submit\" value=\"Text uns\" \/>\n\t\t\t<\/p>\n\t\t<\/div>\n\t<\/div>\n<\/div><div class=\"wpcf7-response-output\" aria-hidden=\"true\"><\/div>\n<\/form>\n<\/div>\n<\/div>\n<\/div><\/div>\n<div id=\"cmsmasters_column_55uzzbh7u\" class=\"cmsmasters_column two_third\">\n<div class=\"cmsmasters_column_inner\"><div class=\"custom_html\">\n<div id=\"gMap\" class=\"gMap\"><\/div>\n<\/div>\n<\/div><\/div>\n<\/div>\n<\/div>\n<\/div>\n<\/div>\n<\/div>\n<div id=\"cmsmasters_row_sdmtpzm2tp\" class=\"cmsmasters_row cmsmasters_color_scheme_default cmsmasters_row_top_default cmsmasters_row_bot_default cmsmasters_row_boxed\">\n<div class=\"cmsmasters_row_outer_parent\">\n<div class=\"cmsmasters_row_outer\">\n<div class=\"cmsmasters_row_inner\">\n<div class=\"cmsmasters_row_margin\">\n<div id=\"cmsmasters_column_yl3hjmsr59\" class=\"cmsmasters_column one_half\">\n<div class=\"cmsmasters_column_inner\"><div class=\"cmsmasters_text contact_box1\">\n<h4>INDUSTRIE PLASTICHE LOMBARDE S.P.A.<\/h4>\n<h5>HAUPTSITZ UND PRODUKTIONSST\u00c4TTE<\/h5>\n<div class=\"testo\">\n<h6>\u00a0Via L. Da Vinci 13\/C 21023 Besozzo (VA)<\/h6>\n<hr \/>\n<p style=\"color: #7a7a7a;\">Tel.: +39 0332 770252 (nr. 10 linee)<br \/>\nFax: +39 0332 971456 \/ +39 0332 970792<br \/>\nWeb: <a href=\"http:\/\/www.iplhoses.com\/\">www.iplhoses.com<\/a><br \/>\nVerkaufsb\u00fcro Italien: commerciale@iplhoses.com<br \/>\nVerkaufsb\u00fcro Export: export@iplhoses.com<\/p>\n<\/div>\n<\/div>\n<\/div><\/div>\n<div id=\"cmsmasters_column_dgemydnop4\" class=\"cmsmasters_column one_half\">\n<div class=\"cmsmasters_column_inner\"><div class=\"cmsmasters_text contact_box2_DE\">\n<h4>IPL (UK) LTD.<\/h4>\n<div>\n<h6>Unit 4 Westminster Industrial Estate, Cradley Road, Cradley Heath, West Midlands DY2 9SW<\/h6>\n<hr \/>\n<p style=\"color: #7a7a7a;\">Tel.: +44 01384 411 271<br \/>\nFax: +44 01384 41 22 93<br \/>\nWeb: <a href=\"http:\/\/www.iplhoses.com\/\">www.iplhoses.com<\/a><br \/>\nEmail: sales@ipluk.net<\/p>\n<\/div>\n<\/div>\n<\/div><\/div>\n<\/div>\n<\/div>\n<\/div>\n<\/div>\n<\/div>\n<div id=\"cmsmasters_row_zvyli2cf0a\" class=\"cmsmasters_row cmsmasters_color_scheme_default cmsmasters_row_top_default cmsmasters_row_bot_default cmsmasters_row_boxed\">\n<div class=\"cmsmasters_row_outer_parent\">\n<div class=\"cmsmasters_row_outer\">\n<div class=\"cmsmasters_row_inner\">\n<div class=\"cmsmasters_row_margin\">\n<div id=\"cmsmasters_column_2v7hus1awp\" class=\"cmsmasters_column one_half\">\n<div class=\"cmsmasters_column_inner\"><div class=\"cmsmasters_text contact_box3\">\n<h4>IPL Mangueras T\u00e9cnicas, S. l. C\/. Farmacia, 12 \u2013 14<\/h4>\n<div class=\"testo\">\n<h6>08450 \u2013 Llinars del Valles (Barcelona)<\/h6>\n<hr \/>\n<p style=\"color: #7a7a7a;\">01. +34 938 44 32 56<br \/>\nWeb: <a href=\"http:\/\/www.iplhoses.com\/\">www.iplhoses.com<\/a><br \/>\nEmail: ipl@iplmangueras.es<\/p>\n<p>&nbsp;<\/p>\n<\/div>\n<\/div>\n<\/div><\/div>\n<div id=\"cmsmasters_column_9vtq20x215\" class=\"cmsmasters_column one_half\">\n<div class=\"cmsmasters_column_inner\"><div class=\"cmsmasters_text contact_box4\">\n<h4>IPL INDUSTRIAL HOSES<\/h4>\n<h5>(SHANGHAI) CO. LTD<\/h5>\n<div class=\"testo\">\n<h6>NO 1339\uff0cBeihe Highway, jiading District, ShanghaiPostCode\uff1a200129<\/h6>\n<hr \/>\n<p style=\"color: #7a7a7a;\">Tel: +86 21 59967 \u2013 011-015<br \/>\nFax: +86 21 59967005<br \/>\nWeb: <a href=\"http:\/\/www.iplhoses.com\/\">www.iplhoses.com<\/a><br \/>\nEmail: info@ipl-cn.com<\/p>\n<\/div>\n<\/div>\n<\/div><\/div>\n<\/div>\n<\/div>\n<\/div>\n<\/div>\n<\/div>\n\n","protected":false},"excerpt":{"rendered":"","protected":false},"author":1,"featured_media":0,"parent":0,"menu_order":0,"comment_status":"closed","ping_status":"closed","template":"","meta":{"_FSMCFIC_featured_image_caption":"","_FSMCFIC_featured_image_nocaption":"","_FSMCFIC_featured_image_hide":"","footnotes":""},"class_list":["post-36864","page","type-page","status-publish","hentry"],"acf":[],"_links":{"self":[{"href":"https:\/\/www.iplhoses.com\/de\/wp-json\/wp\/v2\/pages\/36864","targetHints":{"allow":["GET"]}}],"collection":[{"href":"https:\/\/www.iplhoses.com\/de\/wp-json\/wp\/v2\/pages"}],"about":[{"href":"https:\/\/www.iplhoses.com\/de\/wp-json\/wp\/v2\/types\/page"}],"author":[{"embeddable":true,"href":"https:\/\/www.iplhoses.com\/de\/wp-json\/wp\/v2\/users\/1"}],"replies":[{"embeddable":true,"href":"https:\/\/www.iplhoses.com\/de\/wp-json\/wp\/v2\/comments?post=36864"}],"version-history":[{"count":5,"href":"https:\/\/www.iplhoses.com\/de\/wp-json\/wp\/v2\/pages\/36864\/revisions"}],"predecessor-version":[{"id":40221,"href":"https:\/\/www.iplhoses.com\/de\/wp-json\/wp\/v2\/pages\/36864\/revisions\/40221"}],"wp:attachment":[{"href":"https:\/\/www.iplhoses.com\/de\/wp-json\/wp\/v2\/media?parent=36864"}],"curies":[{"name":"wp","href":"https:\/\/api.w.org\/{rel}","templated":true}]}}