{"id":36803,"date":"2023-02-28T06:59:46","date_gmt":"2023-02-28T05:59:46","guid":{"rendered":"https:\/\/www.iplhoses.com\/?page_id=36803"},"modified":"2026-03-18T01:32:23","modified_gmt":"2026-03-18T00:32:23","slug":"download","status":"publish","type":"page","link":"https:\/\/www.iplhoses.com\/de\/download\/","title":{"rendered":"HERUNTERLADEN"},"content":{"rendered":"<div id=\"cmsmasters_row_t0izcjockb\" class=\"cmsmasters_row cmsmasters_color_scheme_default cmsmasters_row_top_default cmsmasters_row_bot_default cmsmasters_row_boxed\">\n<div class=\"cmsmasters_row_outer_parent\">\n<div class=\"cmsmasters_row_outer\">\n<div class=\"cmsmasters_row_inner\">\n<div class=\"cmsmasters_row_margin\">\n<div id=\"cmsmasters_column_k2f2ziinhl\" class=\"cmsmasters_column one_first\">\n<div class=\"cmsmasters_column_inner\"><div class=\"cmsmasters_text\">\n<p style=\"color: #7a7a7a;\">IPL ist nach <b>ISO 9001:2015<\/b> zertifiziert und legt von jeher gro\u00dfen Wert auf die Einhaltung der Eignungsanforderungen seiner Produkte und damit auf internationale Vorschriften.<\/p>\n<p style=\"color: #7a7a7a;\">Wo dies verlangt ist, kann IPL Schl\u00e4uche mit den erforderlichen Zertifizierungen international angesehener unabh\u00e4ngiger Pr\u00fcfungsgesellschaften bieten, angefangen von pharmazeutischen Richtlinien wie USP Klasse VI, FDA und der Verordnung EU 10\/2011.<br \/>\nItalienische Qualit\u00e4t, immer.<\/p>\n<p style=\"color: #7a7a7a;\">Aktualisierte Zulassungen und weiters Informationsmaterial st\u00e4ndig zur Verf\u00fcgung der Kunde mit nur einem Click!<\/p>\n<\/div>\n<\/div><\/div>\n<\/div>\n<\/div>\n<\/div>\n<\/div>\n<\/div>\n<div id=\"cmsmasters_row_ctnzsgyxr\" class=\"cmsmasters_row cmsmasters_color_scheme_default cmsmasters_row_top_default cmsmasters_row_bot_default cmsmasters_row_boxed\">\n<div class=\"cmsmasters_row_outer_parent\">\n<div class=\"cmsmasters_row_outer\">\n<div class=\"cmsmasters_row_inner\">\n<div class=\"cmsmasters_row_margin\">\n<div id=\"cmsmasters_column_e72sjhzoup\" class=\"cmsmasters_column one_third download-cl-1\">\n<div class=\"cmsmasters_column_inner\"><div class=\"custom_html download-column\">\n<div class=\"col-md-4\">\n<div class=\"list-group\">\n<h3 class=\"list-group-item active\">IPL Normen und Vorschriften<\/h3>\n<p><a href=\"https:\/\/www.iplhoses.com\/wp-content\/uploads\/2025\/01\/Certificato-SQ-UNI-EN-ISO-9001-2015.pdf\" class=\"list-group-item\"><i class=\"fa fa-file-pdf-o\"><\/i> SQ-Zertifikat - UNI EN ISO 9001 2015<\/a><a href=\"https:\/\/www.iplhoses.com\/wp-content\/uploads\/2025\/06\/Food-Compliance-Sinottica-FDA_Maggio25-en.pdf\" class=\"list-group-item\"><i class=\"fa fa-file-pdf-o\"><\/i> Food Compliance Sinottica FDA.eng<\/a><a href=\"https:\/\/www.iplhoses.com\/wp-content\/uploads\/2025\/10\/Food-Compliance-Sinottica-EU-ENG.pdf\" class=\"list-group-item\"><i class=\"fa fa-file-pdf-o\"><\/i> Food Compliance Sinottica EU-ENG<\/a><a href=\"https:\/\/www.iplhoses.com\/wp-content\/uploads\/2024\/05\/DCEsFt_ENG_rev.03.pdf\" class=\"list-group-item\"><i class=\"fa fa-file-pdf-o\"><\/i> phthalates free declaration<\/a><\/div><\/div>\n<\/div>\n<\/div><\/div>\n<div id=\"cmsmasters_column_c8jcd0vbja\" class=\"cmsmasters_column one_third download-cl-2\">\n<div class=\"cmsmasters_column_inner\"><div class=\"custom_html download-column1\">\n<div class=\"col-md-4\">\n<div class=\"list-group\">\n<h3 class=\"list-group-item active\">Katalog und Broschuren<\/h3>\n<p><a href=\"https:\/\/www.iplhoses.com\/wp-content\/uploads\/2026\/03\/IPL-GENERAL-CATALOGUE-2026.pdf\" class=\"list-group-item\"><i class=\"fa fa-file-pdf-o\"><\/i>  IPL GENERAL CATALOGUE 2026<\/a><a href=\"https:\/\/www.iplhoses.com\/wp-content\/uploads\/2024\/10\/IPL-Mini-Katalog.pdf\" class=\"list-group-item\"><i class=\"fa fa-file-pdf-o\"><\/i> IPL MINI-KATALOG<\/a><a href=\"https:\/\/www.iplhoses.com\/wp-content\/uploads\/2026\/01\/IPL-PLUTONE-EDITION.pdf\" class=\"list-group-item\"><i class=\"fa fa-file-pdf-o\"><\/i> IPL PLUTONE EDITION<\/a><a href=\"https:\/\/www.iplhoses.com\/wp-content\/uploads\/2025\/10\/IPL-FLAME-RETARDANT-EDITION.pdf\" class=\"list-group-item\"><i class=\"fa fa-file-pdf-o\"><\/i> IPL FLAME RETARDANT EDITION<\/a><a href=\"https:\/\/www.iplhoses.com\/wp-content\/uploads\/2025\/05\/IPL-SPIRALPRESS-EDITION.pdf\" class=\"list-group-item\"><i class=\"fa fa-file-pdf-o\"><\/i> IPL SPIRALPRESS EDITION<\/a><a href=\"https:\/\/www.iplhoses.com\/wp-content\/uploads\/2025\/01\/IPL-ABRASION-EDITION.pdf\" class=\"list-group-item\"><i class=\"fa fa-file-pdf-o\"><\/i>  IPL ABRASION EDITION<\/a><a href=\"https:\/\/www.iplhoses.com\/wp-content\/uploads\/2024\/09\/IPL-AGRICULTURE-EDITION.pdf\" class=\"list-group-item\"><i class=\"fa fa-file-pdf-o\"><\/i>IPL AGRICULTURE EDITION<\/a><a href=\"https:\/\/www.iplhoses.com\/wp-content\/uploads\/2024\/04\/IPL-FOR-WINE-INDUSTRY.pdf\" class=\"list-group-item\"><i class=\"fa fa-file-pdf-o\"><\/i>  IPL FOR WINE INDUSTRY<\/a><a href=\"https:\/\/www.iplhoses.com\/wp-content\/uploads\/2024\/01\/IPL-FOR-HANDLING-OF-ABRASIVE-MATERIAL-IT-EN.pdf\" class=\"list-group-item\"><i class=\"fa fa-file-pdf-o\"><\/i>  IPL FOR HANDLING OF ABRASIVE MATERIAL IT-EN<\/a><a href=\"https:\/\/www.iplhoses.com\/wp-content\/uploads\/2023\/09\/IPL-FOR-WASTERWATER-TREATMENT-IT-EN.pdf\" class=\"list-group-item\"><i class=\"fa fa-file-pdf-o\"><\/i>  IPL FOR WASTEWATER TREATMENT IT-EN<\/a><a href=\"https:\/\/www.iplhoses.com\/wp-content\/uploads\/2023\/05\/IPL-FOR-EXTRACTION-OF-AIR-FUMES-AND-GASES.pdf\" class=\"list-group-item\"><i class=\"fa fa-file-pdf-o\"><\/i>  IPL FOR EXTRACTION OF AIR, FUMES AND GASES<\/a><a href=\"https:\/\/www.iplhoses.com\/wp-content\/uploads\/2022\/09\/Industrial_Cleaning_ITA_EN.pdf\" class=\"list-group-item\"><i class=\"fa fa-file-pdf-o\"><\/i> IPL for industrial and street cleaning ITA-ENG<\/a><a href=\"https:\/\/www.iplhoses.com\/wp-content\/uploads\/2022\/06\/IPL_Food_Processing_ITA-EN-.pdf\" class=\"list-group-item\"><i class=\"fa fa-file-pdf-o\"><\/i> IPL for Food_Processing ITA-EN<\/a><a href=\"https:\/\/www.iplhoses.com\/wp-content\/uploads\/2021\/09\/352799_IPL_beverage_ok_15-7-2021_low.pdf\" class=\"list-group-item\"><i class=\"fa fa-file-pdf-o\"><\/i> IPL for beverage industry ITA-ENG<\/a><a href=\"https:\/\/www.iplhoses.com\/wp-content\/uploads\/2021\/05\/brochure-IPL-for-the-nautical-industry.pdf\" class=\"list-group-item\"><i class=\"fa fa-file-pdf-o\"><\/i> IPL for maritime industry ITA-ENG<\/a><a href=\"https:\/\/www.iplhoses.com\/wp-content\/uploads\/2018\/11\/IPL-Plastica.pdf\" class=\"list-group-item\"><i class=\"fa fa-file-pdf-o\"><\/i> IPL for plastic industry ITA-ENG<\/a><a href=\"https:\/\/www.iplhoses.com\/wp-content\/uploads\/2023\/07\/IPL-FOR-DAIRY-INDUSTRY-.pdf\" class=\"list-group-item\"><i class=\"fa fa-file-pdf-o\"><\/i> IPL for dairy industry<\/a><a href=\"https:\/\/www.iplhoses.com\/wp-content\/uploads\/2019\/10\/313333_IPL_Trattamento_Liquidi_LR_web.pdf\" class=\"list-group-item\"><i class=\"fa fa-file-pdf-o\"><\/i> IPL for liquids and waste management ITA-ENG<\/a><a href=\"https:\/\/www.iplhoses.com\/wp-content\/uploads\/2021\/02\/323743_IPL_Brochure_Legno_LR.pdf\" class=\"list-group-item\"><i class=\"fa fa-file-pdf-o\"><\/i> IPL for woodworking industry ITA-ENG<\/a><\/div><\/div>\n<\/div>\n<\/div><\/div>\n<div id=\"cmsmasters_column_c5so5e07ee\" class=\"cmsmasters_column one_third download-cl-3\">\n<div class=\"cmsmasters_column_inner\"><div class=\"custom_html download-column2\">\n<div class=\"col-md-4\">\n<div class=\"list-group\">\n<h3 class=\"list-group-item active\">Lagerung,<br \/> Wartung und Best\u00e4ndigkeits<\/h3>\n<p><a href=\"https:\/\/www.iplhoses.com\/wp-content\/uploads\/2024\/02\/resistenze-chimiche-IT-ENG.pdf\" class=\"list-group-item\"><i class=\"fa fa-file-pdf-o\"><\/i> Best\u00e4ndigkeits<\/a><a href=\"\/wp-content\/uploads\/2025\/11\/CLEANING-AND-SANITATION-PROCEDURES-FOR-FOOD-GRADE-HOSES.pdf\" class=\"list-group-item\"><i class=\"fa fa-file-pdf-o\"><\/i> CLEANING AND SANITATION PROCEDURES FOR FOOD GRADE HOSES<\/a><a href=\"\/wp-content\/uploads\/2025\/11\/CLEANING-AND-STERILIZATION-PROCEDURES-FOR-PHARMA-HOSES.pdf\" class=\"list-group-item\"><i class=\"fa fa-file-pdf-o\"><\/i>CLEANING AND STERILIZATION PROCEDURES FOR PHARMA HOSES<\/a><a href=\"https:\/\/www.iplhoses.com\/wp-content\/uploads\/2018\/10\/WARTUNG-UND-LAGERUNG.pdf\" class=\"list-group-item\"><i class=\"fa fa-file-pdf-o\"><\/i> Lagerung und Wartung<\/a><\/div><\/div>\n<\/div>\n<\/div><\/div>\n<\/div>\n<\/div>\n<\/div>\n<\/div>\n<\/div>\n\n","protected":false},"excerpt":{"rendered":"","protected":false},"author":1,"featured_media":0,"parent":0,"menu_order":0,"comment_status":"closed","ping_status":"closed","template":"","meta":{"_FSMCFIC_featured_image_caption":"","_FSMCFIC_featured_image_nocaption":"","_FSMCFIC_featured_image_hide":"","footnotes":""},"class_list":["post-36803","page","type-page","status-publish","hentry"],"acf":[],"_links":{"self":[{"href":"https:\/\/www.iplhoses.com\/de\/wp-json\/wp\/v2\/pages\/36803","targetHints":{"allow":["GET"]}}],"collection":[{"href":"https:\/\/www.iplhoses.com\/de\/wp-json\/wp\/v2\/pages"}],"about":[{"href":"https:\/\/www.iplhoses.com\/de\/wp-json\/wp\/v2\/types\/page"}],"author":[{"embeddable":true,"href":"https:\/\/www.iplhoses.com\/de\/wp-json\/wp\/v2\/users\/1"}],"replies":[{"embeddable":true,"href":"https:\/\/www.iplhoses.com\/de\/wp-json\/wp\/v2\/comments?post=36803"}],"version-history":[{"count":5,"href":"https:\/\/www.iplhoses.com\/de\/wp-json\/wp\/v2\/pages\/36803\/revisions"}],"predecessor-version":[{"id":50299,"href":"https:\/\/www.iplhoses.com\/de\/wp-json\/wp\/v2\/pages\/36803\/revisions\/50299"}],"wp:attachment":[{"href":"https:\/\/www.iplhoses.com\/de\/wp-json\/wp\/v2\/media?parent=36803"}],"curies":[{"name":"wp","href":"https:\/\/api.w.org\/{rel}","templated":true}]}}