{"id":36747,"date":"2023-02-22T09:22:42","date_gmt":"2023-02-22T08:22:42","guid":{"rendered":"https:\/\/www.iplhoses.com\/?page_id=36747"},"modified":"2023-02-28T12:36:51","modified_gmt":"2023-02-28T11:36:51","slug":"vertriebsnetz","status":"publish","type":"page","link":"https:\/\/www.iplhoses.com\/de\/vertriebsnetz\/","title":{"rendered":"VERTRIEBSNETZ"},"content":{"rendered":"<div id=\"cmsmasters_row_mrw3it91e\" class=\"cmsmasters_row cmsmasters_color_scheme_default cmsmasters_row_top_default cmsmasters_row_bot_default cmsmasters_row_boxed\">\n<div class=\"cmsmasters_row_outer_parent\">\n<div class=\"cmsmasters_row_outer\">\n<div class=\"cmsmasters_row_inner\">\n<div class=\"cmsmasters_row_margin\">\n<div id=\"cmsmasters_column_qfwpj4wlu\" class=\"cmsmasters_column one_first\">\n<div class=\"cmsmasters_column_inner\"><div class=\"cmsmasters_text\">\n<h2 style=\"font-weight: 600; color: #000; font-size: 20px; font-family: Roboto, sans-serif;\">ITALIENISCHE QUALIT\u00c4T GARANTIERT IN DER GANZEN WELT<\/h2>\n<p style=\"color: #7a7a7a;\">IPL liefert seine Produkte und Dienstleistungen \u00fcber ein weltweites Vertriebsnetz in mehr als 100 L\u00e4nder und ist \u00fcber IPL UK Ltd, eine seit mehr als 10 Jahren in den West Midlands t\u00e4tige Tochtergesellschaft, die 2020 in Barcelona er\u00f6ffnete IPL Mangueras T\u00e9cnicas S.L. und die chinesische Tochtergesellschaft IPL Industrial Hoses (Shanghai) Co. Ltd, die im Fr\u00fchjahr 2012 eingef\u00fchrt wurde.<\/p>\n<p style=\"color: #7a7a7a;\">Im Laufe der Jahre hat das Unternehmen seine Grenzen erweitert, seine Marke in die ganze Welt exportiert und die bestehenden Partnerschaften gefestigt.<\/p>\n<p style=\"color: #7a7a7a;\">Heute ist IPL fest entschlossen, sein Vertriebsnetz weiter auszubauen, um einen noch effizienteren Service zu gew\u00e4hrleisten.<\/p>\n<\/div>\n<\/div><\/div>\n<\/div>\n<\/div>\n<\/div>\n<\/div>\n<\/div>\n<div id=\"cmsmasters_row_pajsc87jw\" class=\"cmsmasters_row cmsmasters_color_scheme_default cmsmasters_row_top_default cmsmasters_row_bot_default cmsmasters_row_boxed\">\n<div class=\"cmsmasters_row_outer_parent\">\n<div class=\"cmsmasters_row_outer\">\n<div class=\"cmsmasters_row_inner\">\n<div class=\"cmsmasters_row_margin\">\n<div id=\"cmsmasters_column_0epi0i32t8\" class=\"cmsmasters_column one_first\">\n<div class=\"cmsmasters_column_inner\"><div class=\"custom_html\">\n<div class=\"gMapButtons\">\n                    <a href=\"\/de\/vertriebsnetz\/?i=1\" id=\"mappaItalia\" class=\"btn btn-map btn-active first\">IPL IN ITALIEN<\/a><br \/>\n                    <a href=\"\/de\/vertriebsnetz\/?i=2\" id=\"mappaMondo\" class=\"btn btn-map\">IPL IN DER WELT<\/a>\n                <\/div>\n<\/div>\n<\/div><\/div>\n<\/div>\n<\/div>\n<\/div>\n<\/div>\n<\/div>\n<div id=\"cmsmasters_row_obt1yuvfdq\" class=\"cmsmasters_row cmsmasters_color_scheme_default cmsmasters_row_top_default cmsmasters_row_bot_default cmsmasters_row_boxed\">\n<div class=\"cmsmasters_row_outer_parent\">\n<div class=\"cmsmasters_row_outer\">\n<div class=\"cmsmasters_row_inner\">\n<div class=\"cmsmasters_row_margin\">\n<div id=\"cmsmasters_column_x66xou2gr\" class=\"cmsmasters_column one_first\">\n<div class=\"cmsmasters_column_inner\"><div class=\"custom_html\">\n<div id=\"gMap\" class=\"gMap\"><\/div>\n<\/div>\n<\/div><\/div>\n<\/div>\n<\/div>\n<\/div>\n<\/div>\n<\/div>\n\n","protected":false},"excerpt":{"rendered":"","protected":false},"author":1,"featured_media":0,"parent":0,"menu_order":0,"comment_status":"closed","ping_status":"closed","template":"","meta":{"_FSMCFIC_featured_image_caption":"","_FSMCFIC_featured_image_nocaption":"","_FSMCFIC_featured_image_hide":"","footnotes":""},"class_list":["post-36747","page","type-page","status-publish","hentry"],"acf":[],"_links":{"self":[{"href":"https:\/\/www.iplhoses.com\/de\/wp-json\/wp\/v2\/pages\/36747","targetHints":{"allow":["GET"]}}],"collection":[{"href":"https:\/\/www.iplhoses.com\/de\/wp-json\/wp\/v2\/pages"}],"about":[{"href":"https:\/\/www.iplhoses.com\/de\/wp-json\/wp\/v2\/types\/page"}],"author":[{"embeddable":true,"href":"https:\/\/www.iplhoses.com\/de\/wp-json\/wp\/v2\/users\/1"}],"replies":[{"embeddable":true,"href":"https:\/\/www.iplhoses.com\/de\/wp-json\/wp\/v2\/comments?post=36747"}],"version-history":[{"count":4,"href":"https:\/\/www.iplhoses.com\/de\/wp-json\/wp\/v2\/pages\/36747\/revisions"}],"predecessor-version":[{"id":36909,"href":"https:\/\/www.iplhoses.com\/de\/wp-json\/wp\/v2\/pages\/36747\/revisions\/36909"}],"wp:attachment":[{"href":"https:\/\/www.iplhoses.com\/de\/wp-json\/wp\/v2\/media?parent=36747"}],"curies":[{"name":"wp","href":"https:\/\/api.w.org\/{rel}","templated":true}]}}