{"id":30093,"date":"2018-06-05T12:21:57","date_gmt":"2018-06-05T10:21:57","guid":{"rendered":"https:\/\/stage.iplhoses.com\/news\/"},"modified":"2023-02-16T13:14:02","modified_gmt":"2023-02-16T12:14:02","slug":"aktuelles","status":"publish","type":"page","link":"https:\/\/www.iplhoses.com\/de\/aktuelles\/","title":{"rendered":"AKTUELLES"},"content":{"rendered":"<div id=\"cmsmasters_row_\" class=\"cmsmasters_row cmsmasters_color_scheme_default cmsmasters_row_top_default cmsmasters_row_bot_default cmsmasters_row_boxed\">\n<div class=\"cmsmasters_row_outer_parent\">\n<div class=\"cmsmasters_row_outer\">\n<div class=\"cmsmasters_row_inner\">\n<div class=\"cmsmasters_row_margin\">\n<div id=\"cmsmasters_column_\" class=\"cmsmasters_column one_first\">\n<div class=\"cmsmasters_column_inner\"><div class=\"cmsmasters_text\">\n<p>Da quasi 5\u00a0IPL ist seit fast 50 Jahren im Industrie- und Lebensmittelsektor t\u00e4tig,mit einer breiten Produktpalette, die den h\u00f6chsten Qualit\u00e4tsstandards entspricht und mit Pr\u00e4zision, Flexibilit\u00e4t und Effizienz auf die Entwicklung der den Bed\u00fcrfnissen der Kunden\u00a0 .<\/p>\n<\/p>\n<\/div>\n<\/div><\/div>\n<\/div>\n<\/div>\n<\/div>\n<\/div>\n<\/div>\n<div id=\"cmsmasters_row_2ivsz7sr9\" class=\"cmsmasters_row cmsmasters_color_scheme_default cmsmasters_row_top_default cmsmasters_row_bot_default cmsmasters_row_boxed\">\n<div class=\"cmsmasters_row_outer_parent\">\n<div class=\"cmsmasters_row_outer\">\n<div class=\"cmsmasters_row_inner\">\n<div class=\"cmsmasters_row_margin\">\n<div id=\"cmsmasters_column_jp217b7zfm\" class=\"cmsmasters_column one_first\">\n<div class=\"cmsmasters_column_inner\"><div id=\"blog_759c81iofs\" class=\"cmsmasters_wrap_blog entry-summary\" data-layout=\"columns\" data-layout-mode=\"grid\" data-url=\"https:\/\/www.iplhoses.com\/wp-content\/plugins\/cmsmasters-content-composer\/\" data-orderby=\"date\" data-order=\"DESC\" data-count=\"12\" data-categories=\"\" data-metadata=\"categories,more\" data-pagination=\"pagination\"><div class=\"blog columns grid cmsmasters_2\"><!-- Start Post Masonry Article -->\r\n<article id=\"post-50319\" class=\"cmsmasters_post_masonry post-50319 post type-post status-publish format-standard has-post-thumbnail hentry\" data-category=\"\">\r\n\t<div class=\"cmsmasters_post_cont_wrap\">\r\n\t\t<div class=\"cmsmasters_post_cont\">\r\n\t\t\t<div class=\"cmsmasters_date_img_wrap\"><figure class=\"cmsmasters_img_wrap\"><a href=\"https:\/\/www.iplhoses.com\/de\/im-2026-18-bis-20-maerz-2026-unity-arena-fornebu\/\" title=\"IM 2026 \u2013 18. bis 20. M\u00e4rz 2026 \u2013 Unity Arena \u2013 Fornebu\" class=\"cmsmasters_img_link preloader\"><img decoding=\"async\" width=\"580\" height=\"370\" src=\"https:\/\/www.iplhoses.com\/wp-content\/uploads\/2026\/03\/foto-per-post-tess-580x370.jpeg\" class=\"full-width wp-post-image\" alt=\"Stand IPL con rappresentanza TESS\" title=\"foto per post tess\" \/><\/a><\/figure><\/div>\t\t\t\r\n\t\t\t\r\n\t\t\t<div class=\"cmsmasters_post_cont_inner\">\r\n\t\t\t<header class=\"cmsmasters_post_header entry-header\"><h4 class=\"cmsmasters_post_title entry-title\"><a href=\"https:\/\/www.iplhoses.com\/de\/im-2026-18-bis-20-maerz-2026-unity-arena-fornebu\/\">IM 2026 \u2013 18. bis 20. M\u00e4rz 2026 \u2013 Unity Arena \u2013 Fornebu<\/a><\/h4><\/header><div class=\"cmsmasters_post_content entry-content\">\n<p>Unsere Teilnahme an der IM 2026, der von Tess Logistik AS, unserem langj\u00e4hrigen Partner in Norwegen, organisierten Veranstaltung, ist zu unserer gro\u00dfen...<\/p>\n<\/div>\n<div class=\"cmsmasters_post_read_more_wrap\"><a class=\"cmsmasters_post_read_more\" href=\"https:\/\/www.iplhoses.com\/de\/im-2026-18-bis-20-maerz-2026-unity-arena-fornebu\/\">Read More<\/a><\/div>\t\t\t<\/div>\r\n\t\t<\/div>\r\n\t<\/div>\r\n<\/article>\r\n<!-- Finish Post Masonry Article -->\r\n\r\n<!-- Start Post Masonry Article -->\r\n<article id=\"post-50206\" class=\"cmsmasters_post_masonry post-50206 post type-post status-publish format-standard has-post-thumbnail hentry\" data-category=\"\">\r\n\t<div class=\"cmsmasters_post_cont_wrap\">\r\n\t\t<div class=\"cmsmasters_post_cont\">\r\n\t\t\t<div class=\"cmsmasters_date_img_wrap\"><figure class=\"cmsmasters_img_wrap\"><a href=\"https:\/\/www.iplhoses.com\/de\/ipl-plutone-sonderausgabe\/\" title=\"IPL PLUTONE SONDERAUSGABE\" class=\"cmsmasters_img_link preloader\"><img decoding=\"async\" width=\"580\" height=\"370\" src=\"https:\/\/www.iplhoses.com\/wp-content\/uploads\/2026\/01\/foto-cover-plutone-per-newsletter-580x370.jpg\" class=\"full-width wp-post-image\" alt=\"IPL PLUTONE SONDERAUSGABE\" title=\"foto cover plutone per newsletter\" \/><\/a><\/figure><\/div>\t\t\t\r\n\t\t\t\r\n\t\t\t<div class=\"cmsmasters_post_cont_inner\">\r\n\t\t\t<header class=\"cmsmasters_post_header entry-header\"><h4 class=\"cmsmasters_post_title entry-title\"><a href=\"https:\/\/www.iplhoses.com\/de\/ipl-plutone-sonderausgabe\/\">IPL PLUTONE SONDERAUSGABE<\/a><\/h4><\/header><div class=\"cmsmasters_post_content entry-content\">\n<p>Die IPL PLUTONE-Reihe von IPL PVC-P-Schl\u00e4uchen steht seit jeher f\u00fcr Effizienz und Vielseitigkeit in allen Industriebereichen. In der Welt der industriellen, landwirtschaftlichen...<\/p>\n<\/div>\n<div class=\"cmsmasters_post_read_more_wrap\"><a class=\"cmsmasters_post_read_more\" href=\"https:\/\/www.iplhoses.com\/de\/ipl-plutone-sonderausgabe\/\">Read More<\/a><\/div>\t\t\t<\/div>\r\n\t\t<\/div>\r\n\t<\/div>\r\n<\/article>\r\n<!-- Finish Post Masonry Article -->\r\n\r\n<!-- Start Post Masonry Article -->\r\n<article id=\"post-49615\" class=\"cmsmasters_post_masonry post-49615 post type-post status-publish format-standard has-post-thumbnail hentry\" data-category=\"\">\r\n\t<div class=\"cmsmasters_post_cont_wrap\">\r\n\t\t<div class=\"cmsmasters_post_cont\">\r\n\t\t\t<div class=\"cmsmasters_date_img_wrap\"><figure class=\"cmsmasters_img_wrap\"><a href=\"https:\/\/www.iplhoses.com\/de\/ipl-flame-retardant-edition\/\" title=\"IPL FLAME RETARDANT EDITION\" class=\"cmsmasters_img_link preloader\"><img decoding=\"async\" width=\"580\" height=\"370\" src=\"https:\/\/www.iplhoses.com\/wp-content\/uploads\/2025\/09\/EDITION-WEB-NEWS-580x370.jpg\" class=\"full-width wp-post-image\" alt=\"IPL FLAME RETARDANT EDITION\" title=\"EDITION WEB NEWS\" \/><\/a><\/figure><\/div>\t\t\t\r\n\t\t\t\r\n\t\t\t<div class=\"cmsmasters_post_cont_inner\">\r\n\t\t\t<header class=\"cmsmasters_post_header entry-header\"><h4 class=\"cmsmasters_post_title entry-title\"><a href=\"https:\/\/www.iplhoses.com\/de\/ipl-flame-retardant-edition\/\">IPL FLAME RETARDANT EDITION<\/a><\/h4><\/header><div class=\"cmsmasters_post_content entry-content\">\n<p>IPL \u201eFlame Retardant Edition\u201d ist da \u2013 Maximale zertifizierte Sicherheit IPL freut sich, seine \u201eFlame Retardant Edition\u201d vorstellen zu d\u00fcrfen, die neue...<\/p>\n<\/div>\n<div class=\"cmsmasters_post_read_more_wrap\"><a class=\"cmsmasters_post_read_more\" href=\"https:\/\/www.iplhoses.com\/de\/ipl-flame-retardant-edition\/\">Read More<\/a><\/div>\t\t\t<\/div>\r\n\t\t<\/div>\r\n\t<\/div>\r\n<\/article>\r\n<!-- Finish Post Masonry Article -->\r\n\r\n<!-- Start Post Masonry Article -->\r\n<article id=\"post-49061\" class=\"cmsmasters_post_masonry post-49061 post type-post status-publish format-standard has-post-thumbnail hentry\" data-category=\"\">\r\n\t<div class=\"cmsmasters_post_cont_wrap\">\r\n\t\t<div class=\"cmsmasters_post_cont\">\r\n\t\t\t<div class=\"cmsmasters_date_img_wrap\"><figure class=\"cmsmasters_img_wrap\"><a href=\"https:\/\/www.iplhoses.com\/de\/spiralpress-schlaeuche\/\" title=\"IPL SPIRALPRESS SERIE\" class=\"cmsmasters_img_link preloader\"><img decoding=\"async\" width=\"580\" height=\"370\" src=\"https:\/\/www.iplhoses.com\/wp-content\/uploads\/2025\/05\/SPECIAL-SPIRALPRESS-EDITION-580x370.jpg\" class=\"full-width wp-post-image\" alt=\"spiralpress wt Schlauch\" title=\"SPIRALPRESS SERIE\" \/><\/a><\/figure><\/div>\t\t\t\r\n\t\t\t\r\n\t\t\t<div class=\"cmsmasters_post_cont_inner\">\r\n\t\t\t<header class=\"cmsmasters_post_header entry-header\"><h4 class=\"cmsmasters_post_title entry-title\"><a href=\"https:\/\/www.iplhoses.com\/de\/spiralpress-schlaeuche\/\">IPL SPIRALPRESS SERIE<\/a><\/h4><\/header><div class=\"cmsmasters_post_content entry-content\">\n<p>IPL BIETET EINE SERIE VON PVC-P-SPIRALSCHL\u00c4UCHEN AN, DIE ENTWICKELT WURDEN, UM HOHEN DR\u00dcCKEN MIT ABSOLUTER SICHERHEIT STANDZUHALTEN! Im Vergleich zu herk\u00f6mmlichen Spiralschl\u00e4uchen...<\/p>\n<\/div>\n<div class=\"cmsmasters_post_read_more_wrap\"><a class=\"cmsmasters_post_read_more\" href=\"https:\/\/www.iplhoses.com\/de\/spiralpress-schlaeuche\/\">Read More<\/a><\/div>\t\t\t<\/div>\r\n\t\t<\/div>\r\n\t<\/div>\r\n<\/article>\r\n<!-- Finish Post Masonry Article -->\r\n\r\n<!-- Start Post Masonry Article -->\r\n<article id=\"post-48991\" class=\"cmsmasters_post_masonry post-48991 post type-post status-publish format-standard has-post-thumbnail hentry\" data-category=\"\">\r\n\t<div class=\"cmsmasters_post_cont_wrap\">\r\n\t\t<div class=\"cmsmasters_post_cont\">\r\n\t\t\t<div class=\"cmsmasters_date_img_wrap\"><figure class=\"cmsmasters_img_wrap\"><a href=\"https:\/\/www.iplhoses.com\/de\/grossartiger-erfolg-der-ipl-bei-im-2025\/\" title=\"GROSSARTIGER ERFOLG DER IPL BEI IM 2025\" class=\"cmsmasters_img_link preloader\"><img decoding=\"async\" width=\"580\" height=\"370\" src=\"https:\/\/www.iplhoses.com\/wp-content\/uploads\/2025\/04\/FOTO-2-580x370.jpg\" class=\"full-width wp-post-image\" alt=\"Domenico Trimboli, IPL Export Manager con Trond\" title=\"FOTO 2\" \/><\/a><\/figure><\/div>\t\t\t\r\n\t\t\t\r\n\t\t\t<div class=\"cmsmasters_post_cont_inner\">\r\n\t\t\t<header class=\"cmsmasters_post_header entry-header\"><h4 class=\"cmsmasters_post_title entry-title\"><a href=\"https:\/\/www.iplhoses.com\/de\/grossartiger-erfolg-der-ipl-bei-im-2025\/\">GROSSARTIGER ERFOLG DER IPL BEI IM 2025<\/a><\/h4><\/header><div class=\"cmsmasters_post_content entry-content\">\n<p>Auch in diesem Jahr nahm IPL an der wichtigen Veranstaltung teil, die von der norwegischen Firma Tess in der Unity Arena in...<\/p>\n<\/div>\n<div class=\"cmsmasters_post_read_more_wrap\"><a class=\"cmsmasters_post_read_more\" href=\"https:\/\/www.iplhoses.com\/de\/grossartiger-erfolg-der-ipl-bei-im-2025\/\">Read More<\/a><\/div>\t\t\t<\/div>\r\n\t\t<\/div>\r\n\t<\/div>\r\n<\/article>\r\n<!-- Finish Post Masonry Article -->\r\n\r\n<!-- Start Post Masonry Article -->\r\n<article id=\"post-48870\" class=\"cmsmasters_post_masonry post-48870 post type-post status-publish format-standard has-post-thumbnail hentry\" data-category=\"\">\r\n\t<div class=\"cmsmasters_post_cont_wrap\">\r\n\t\t<div class=\"cmsmasters_post_cont\">\r\n\t\t\t<div class=\"cmsmasters_date_img_wrap\"><figure class=\"cmsmasters_img_wrap\"><a href=\"https:\/\/www.iplhoses.com\/de\/ipl-abrieb-edition\/\" title=\"IPL ABRIEB EDITION\" class=\"cmsmasters_img_link preloader\"><img decoding=\"async\" width=\"580\" height=\"370\" src=\"https:\/\/www.iplhoses.com\/wp-content\/uploads\/2025\/01\/abrasion-edition-news-580x370.jpg\" class=\"full-width wp-post-image\" alt=\"IPL ABRIEB EDITION\" title=\"abrasion edition news\" \/><\/a><\/figure><\/div>\t\t\t\r\n\t\t\t\r\n\t\t\t<div class=\"cmsmasters_post_cont_inner\">\r\n\t\t\t<header class=\"cmsmasters_post_header entry-header\"><h4 class=\"cmsmasters_post_title entry-title\"><a href=\"https:\/\/www.iplhoses.com\/de\/ipl-abrieb-edition\/\">IPL ABRIEB EDITION<\/a><\/h4><\/header><div class=\"cmsmasters_post_content entry-content\">\n<p>IPL beginnt das neue Jahr im Namen der Abriebfestigkeit und bietet eine breite Auswahl an Polyurethanschl\u00e4uchen mit\u00a0 Stahlspirale. Unsere TPU-Schl\u00e4uche sind seit...<\/p>\n<\/div>\n<div class=\"cmsmasters_post_read_more_wrap\"><a class=\"cmsmasters_post_read_more\" href=\"https:\/\/www.iplhoses.com\/de\/ipl-abrieb-edition\/\">Read More<\/a><\/div>\t\t\t<\/div>\r\n\t\t<\/div>\r\n\t<\/div>\r\n<\/article>\r\n<!-- Finish Post Masonry Article -->\r\n\r\n<!-- Start Post Masonry Article -->\r\n<article id=\"post-48657\" class=\"cmsmasters_post_masonry post-48657 post type-post status-publish format-standard has-post-thumbnail hentry\" data-category=\"\">\r\n\t<div class=\"cmsmasters_post_cont_wrap\">\r\n\t\t<div class=\"cmsmasters_post_cont\">\r\n\t\t\t<div class=\"cmsmasters_date_img_wrap\"><figure class=\"cmsmasters_img_wrap\"><a href=\"https:\/\/www.iplhoses.com\/de\/neue-ausgabe-des-ipl-minikatalogs-bald-verfuegbar\/\" title=\"Neue Ausgabe des IPL-MINIKATALOGS bald verf\u00fcgbar!\" class=\"cmsmasters_img_link preloader\"><img decoding=\"async\" width=\"580\" height=\"370\" src=\"https:\/\/www.iplhoses.com\/wp-content\/uploads\/2024\/10\/coming-soon-minicatalogo-4-580x370.webp\" class=\"full-width wp-post-image\" alt=\"Neue Ausgabe des IPL-MINIKATALOGS bald verf\u00fcgbar!\" title=\"coming-soon-minicatalogo-4\" \/><\/a><\/figure><\/div>\t\t\t\r\n\t\t\t\r\n\t\t\t<div class=\"cmsmasters_post_cont_inner\">\r\n\t\t\t<header class=\"cmsmasters_post_header entry-header\"><h4 class=\"cmsmasters_post_title entry-title\"><a href=\"https:\/\/www.iplhoses.com\/de\/neue-ausgabe-des-ipl-minikatalogs-bald-verfuegbar\/\">Neue Ausgabe des IPL-MINIKATALOGS bald verf\u00fcgbar!<\/a><\/h4><\/header><div class=\"cmsmasters_post_content entry-content\">\n<p>Die neue, gedruckte Ausgabe der von den Praktikern am meisten erwarteten Brosch\u00fcre ist auf dem Weg! Der unnachahmliche und leicht zu lesende...<\/p>\n<\/div>\n<div class=\"cmsmasters_post_read_more_wrap\"><a class=\"cmsmasters_post_read_more\" href=\"https:\/\/www.iplhoses.com\/de\/neue-ausgabe-des-ipl-minikatalogs-bald-verfuegbar\/\">Read More<\/a><\/div>\t\t\t<\/div>\r\n\t\t<\/div>\r\n\t<\/div>\r\n<\/article>\r\n<!-- Finish Post Masonry Article -->\r\n\r\n<!-- Start Post Masonry Article -->\r\n<article id=\"post-48516\" class=\"cmsmasters_post_masonry post-48516 post type-post status-publish format-standard has-post-thumbnail hentry\" data-category=\"\">\r\n\t<div class=\"cmsmasters_post_cont_wrap\">\r\n\t\t<div class=\"cmsmasters_post_cont\">\r\n\t\t\t<div class=\"cmsmasters_date_img_wrap\"><figure class=\"cmsmasters_img_wrap\"><a href=\"https:\/\/www.iplhoses.com\/de\/ipl-fuer-die-landwirtschaft-2\/\" title=\"IPL F\u00dcR DIE LANDWIRTSCHAFT\" class=\"cmsmasters_img_link preloader\"><img decoding=\"async\" width=\"580\" height=\"370\" src=\"https:\/\/www.iplhoses.com\/wp-content\/uploads\/2024\/09\/foto-news-banner-580x370.jpg\" class=\"full-width wp-post-image\" alt=\"IPL F\u00dcR DIE LANDWIRTSCHAFT\" title=\"foto-news-banner\" srcset=\"https:\/\/www.iplhoses.com\/wp-content\/uploads\/2024\/09\/foto-news-banner-580x370.jpg 580w, https:\/\/www.iplhoses.com\/wp-content\/uploads\/2024\/09\/foto-news-banner-470x300.jpg 470w, https:\/\/www.iplhoses.com\/wp-content\/uploads\/2024\/09\/foto-news-banner-970x619.jpg 970w, https:\/\/www.iplhoses.com\/wp-content\/uploads\/2024\/09\/foto-news-banner-768x490.jpg 768w, https:\/\/www.iplhoses.com\/wp-content\/uploads\/2024\/09\/foto-news-banner-860x549.jpg 860w, https:\/\/www.iplhoses.com\/wp-content\/uploads\/2024\/09\/foto-news-banner-360x230.jpg 360w, https:\/\/www.iplhoses.com\/wp-content\/uploads\/2024\/09\/foto-news-banner.jpg 1160w\" sizes=\"(max-width: 580px) 100vw, 580px\" \/><\/a><\/figure><\/div>\t\t\t\r\n\t\t\t\r\n\t\t\t<div class=\"cmsmasters_post_cont_inner\">\r\n\t\t\t<header class=\"cmsmasters_post_header entry-header\"><h4 class=\"cmsmasters_post_title entry-title\"><a href=\"https:\/\/www.iplhoses.com\/de\/ipl-fuer-die-landwirtschaft-2\/\">IPL F\u00dcR DIE LANDWIRTSCHAFT<\/a><\/h4><\/header><div class=\"cmsmasters_post_content entry-content\">\n<p>SONDERAUSGABE F\u00dcR LANDMASCHINEN IPL startet im September wieder eine Kampagne, die den flexiblen Schl\u00e4uchen f\u00fcr die Landwirtschaft gewidmet ist. Von der Aussaat...<\/p>\n<\/div>\n<div class=\"cmsmasters_post_read_more_wrap\"><a class=\"cmsmasters_post_read_more\" href=\"https:\/\/www.iplhoses.com\/de\/ipl-fuer-die-landwirtschaft-2\/\">Read More<\/a><\/div>\t\t\t<\/div>\r\n\t\t<\/div>\r\n\t<\/div>\r\n<\/article>\r\n<!-- Finish Post Masonry Article -->\r\n\r\n<!-- Start Post Masonry Article -->\r\n<article id=\"post-48121\" class=\"cmsmasters_post_masonry post-48121 post type-post status-publish format-standard has-post-thumbnail hentry\" data-category=\"\">\r\n\t<div class=\"cmsmasters_post_cont_wrap\">\r\n\t\t<div class=\"cmsmasters_post_cont\">\r\n\t\t\t<div class=\"cmsmasters_date_img_wrap\"><figure class=\"cmsmasters_img_wrap\"><a href=\"https:\/\/www.iplhoses.com\/de\/arianna-multipurpose-ist-jetzt-online\/\" title=\"ARIANNA MULTIPURPOSE IST JETZT ONLINE!\" class=\"cmsmasters_img_link preloader\"><img decoding=\"async\" width=\"580\" height=\"370\" src=\"https:\/\/www.iplhoses.com\/wp-content\/uploads\/2024\/07\/ARIANNA-MULTIPURPOSE-NEWS-DEU-580x370.jpg\" class=\"full-width wp-post-image\" alt=\"ARIANNA MULTIPURPOSE IST JETZT ONLINE!\" title=\"ARIANNA MULTIPURPOSE NEWS DEU\" \/><\/a><\/figure><\/div>\t\t\t\r\n\t\t\t\r\n\t\t\t<div class=\"cmsmasters_post_cont_inner\">\r\n\t\t\t<header class=\"cmsmasters_post_header entry-header\"><h4 class=\"cmsmasters_post_title entry-title\"><a href=\"https:\/\/www.iplhoses.com\/de\/arianna-multipurpose-ist-jetzt-online\/\">ARIANNA MULTIPURPOSE IST JETZT ONLINE!<\/a><\/h4><\/header><div class=\"cmsmasters_post_content entry-content\">\n<p>Der vielseitigste Schlauch f\u00fcr Industrie und Landwirtschaft ist jetzt online! Arianna Multipurpose (Code MURX) ist die PVC-P-L\u00f6sung mit spezieller PVC-NBR- Liner und...<\/p>\n<\/div>\n<div class=\"cmsmasters_post_read_more_wrap\"><a class=\"cmsmasters_post_read_more\" href=\"https:\/\/www.iplhoses.com\/de\/arianna-multipurpose-ist-jetzt-online\/\">Read More<\/a><\/div>\t\t\t<\/div>\r\n\t\t<\/div>\r\n\t<\/div>\r\n<\/article>\r\n<!-- Finish Post Masonry Article -->\r\n\r\n<!-- Start Post Masonry Article -->\r\n<article id=\"post-46170\" class=\"cmsmasters_post_masonry post-46170 post type-post status-publish format-standard has-post-thumbnail hentry\" data-category=\"\">\r\n\t<div class=\"cmsmasters_post_cont_wrap\">\r\n\t\t<div class=\"cmsmasters_post_cont\">\r\n\t\t\t<div class=\"cmsmasters_date_img_wrap\"><figure class=\"cmsmasters_img_wrap\"><a href=\"https:\/\/www.iplhoses.com\/de\/abriebfeste-pvc-schlaeuche-mit-tpu-innenseele-fuer-bauwesen\/\" title=\"ABRIEBFESTE SCHL\u00c4UCHE MIT TPU INNENSEELE F\u00dcR BAUWESEN\" class=\"cmsmasters_img_link preloader\"><img decoding=\"async\" width=\"580\" height=\"370\" src=\"https:\/\/www.iplhoses.com\/wp-content\/uploads\/2024\/01\/IPL-CONCRETE-EDITION-DEU-580x370.jpg\" class=\"full-width wp-post-image\" alt=\"ABRIEBFESTE SCHL\u00c4UCHE MIT TPU INNENSEELE F\u00dcR BAUWESEN\" title=\"IPL CONCRETE EDITION DEU\" \/><\/a><\/figure><\/div>\t\t\t\r\n\t\t\t\r\n\t\t\t<div class=\"cmsmasters_post_cont_inner\">\r\n\t\t\t<header class=\"cmsmasters_post_header entry-header\"><h4 class=\"cmsmasters_post_title entry-title\"><a href=\"https:\/\/www.iplhoses.com\/de\/abriebfeste-pvc-schlaeuche-mit-tpu-innenseele-fuer-bauwesen\/\">ABRIEBFESTE SCHL\u00c4UCHE MIT TPU INNENSEELE F\u00dcR BAUWESEN<\/a><\/h4><\/header><div class=\"cmsmasters_post_content entry-content\">\n<p>Die IPL-Kampagne f\u00fcr PVC Schl\u00e4uche f\u00fcr die Behandlung von abrasiven Materialien in der Bau-, Aggregat- und Zementwarenindustrie hat begonnen. IPL bietet eine...<\/p>\n<\/div>\n<div class=\"cmsmasters_post_read_more_wrap\"><a class=\"cmsmasters_post_read_more\" href=\"https:\/\/www.iplhoses.com\/de\/abriebfeste-pvc-schlaeuche-mit-tpu-innenseele-fuer-bauwesen\/\">Read More<\/a><\/div>\t\t\t<\/div>\r\n\t\t<\/div>\r\n\t<\/div>\r\n<\/article>\r\n<!-- Finish Post Masonry Article -->\r\n\r\n<!-- Start Post Masonry Article -->\r\n<article id=\"post-45762\" class=\"cmsmasters_post_masonry post-45762 post type-post status-publish format-standard has-post-thumbnail hentry\" data-category=\"\">\r\n\t<div class=\"cmsmasters_post_cont_wrap\">\r\n\t\t<div class=\"cmsmasters_post_cont\">\r\n\t\t\t<div class=\"cmsmasters_date_img_wrap\"><figure class=\"cmsmasters_img_wrap\"><a href=\"https:\/\/www.iplhoses.com\/de\/neu-apollo-superflex-2-special\/\" title=\"NEU APOLLO SUPERFLEX 2 SPECIAL\" class=\"cmsmasters_img_link preloader\"><img decoding=\"async\" width=\"580\" height=\"370\" src=\"https:\/\/www.iplhoses.com\/wp-content\/uploads\/2023\/11\/APOLLO-SUPERFLEX-2-SPECIAL-ADVERT-DEU-580x370.jpg\" class=\"full-width wp-post-image\" alt=\"NEU APOLLO SUPERFLEX 2 SPECIAL\" title=\"APOLLO SUPERFLEX 2 SPECIAL ADVERT DEU\" \/><\/a><\/figure><\/div>\t\t\t\r\n\t\t\t\r\n\t\t\t<div class=\"cmsmasters_post_cont_inner\">\r\n\t\t\t<header class=\"cmsmasters_post_header entry-header\"><h4 class=\"cmsmasters_post_title entry-title\"><a href=\"https:\/\/www.iplhoses.com\/de\/neu-apollo-superflex-2-special\/\">NEU APOLLO SUPERFLEX 2 SPECIAL<\/a><\/h4><\/header><div class=\"cmsmasters_post_content entry-content\">\n<p>Es gibt keinen besseren Moment als den Winter, um den neuen APOLLO SUPERFLEX 2 SPECIAL anzubieten, den flexibelsten und leichtesten der gesamten...<\/p>\n<\/div>\n<div class=\"cmsmasters_post_read_more_wrap\"><a class=\"cmsmasters_post_read_more\" href=\"https:\/\/www.iplhoses.com\/de\/neu-apollo-superflex-2-special\/\">Read More<\/a><\/div>\t\t\t<\/div>\r\n\t\t<\/div>\r\n\t<\/div>\r\n<\/article>\r\n<!-- Finish Post Masonry Article -->\r\n\r\n<!-- Start Post Masonry Article -->\r\n<article id=\"post-45259\" class=\"cmsmasters_post_masonry post-45259 post type-post status-publish format-standard has-post-thumbnail hentry\" data-category=\"\">\r\n\t<div class=\"cmsmasters_post_cont_wrap\">\r\n\t\t<div class=\"cmsmasters_post_cont\">\r\n\t\t\t<div class=\"cmsmasters_date_img_wrap\"><figure class=\"cmsmasters_img_wrap\"><a href=\"https:\/\/www.iplhoses.com\/de\/pvc-schlaeuche-fuer-die-abwasserbehandlung\/\" title=\"IPL FOR WASTEWATER TREATMENT\" class=\"cmsmasters_img_link preloader\"><img decoding=\"async\" width=\"580\" height=\"370\" src=\"https:\/\/www.iplhoses.com\/wp-content\/uploads\/2023\/09\/banner-eng-580x370.jpg\" class=\"full-width wp-post-image\" alt=\"IPL FOR WASTEWATER TREATMENT\" title=\"banner eng\" \/><\/a><\/figure><\/div>\t\t\t\r\n\t\t\t\r\n\t\t\t<div class=\"cmsmasters_post_cont_inner\">\r\n\t\t\t<header class=\"cmsmasters_post_header entry-header\"><h4 class=\"cmsmasters_post_title entry-title\"><a href=\"https:\/\/www.iplhoses.com\/de\/pvc-schlaeuche-fuer-die-abwasserbehandlung\/\">IPL FOR WASTEWATER TREATMENT<\/a><\/h4><\/header><div class=\"cmsmasters_post_content entry-content\">\n<p>IPL kicks off in September with its SEWAGE EDITION, the flexible hose campaign for wastewater treatment. The company offers a wide range...<\/p>\n<\/div>\n<div class=\"cmsmasters_post_read_more_wrap\"><a class=\"cmsmasters_post_read_more\" href=\"https:\/\/www.iplhoses.com\/de\/pvc-schlaeuche-fuer-die-abwasserbehandlung\/\">Read More<\/a><\/div>\t\t\t<\/div>\r\n\t\t<\/div>\r\n\t<\/div>\r\n<\/article>\r\n<!-- Finish Post Masonry Article -->\r\n\r\n<\/div><div class=\"cmsmasters_wrap_more_posts cmsmasters_wrap_more_items\"><div class=\"cmsmasters_wrap_pagination\"><ul class='page-numbers'>\n\t<li><span aria-current=\"page\" class=\"page-numbers current\">1<\/span><\/li>\n\t<li><a class=\"page-numbers\" href=\"https:\/\/www.iplhoses.com\/de\/wp-json\/wp\/v2\/pages\/30093\/page\/2\/\">2<\/a><\/li>\n\t<li><a class=\"next page-numbers\" href=\"https:\/\/www.iplhoses.com\/de\/wp-json\/wp\/v2\/pages\/30093\/page\/2\/\"><span class=\"cmsmasters_theme_icon_pagination_next\"><span><\/span><\/span><\/a><\/li>\n<\/ul>\n<\/div><\/div><\/div>\n<\/div><\/div>\n<\/div>\n<\/div>\n<\/div>\n<\/div>\n<\/div>\n","protected":false},"excerpt":{"rendered":"","protected":false},"author":1,"featured_media":0,"parent":0,"menu_order":0,"comment_status":"closed","ping_status":"closed","template":"","meta":{"_FSMCFIC_featured_image_caption":"","_FSMCFIC_featured_image_nocaption":"","_FSMCFIC_featured_image_hide":"","footnotes":""},"class_list":["post-30093","page","type-page","status-publish","hentry"],"acf":[],"_links":{"self":[{"href":"https:\/\/www.iplhoses.com\/de\/wp-json\/wp\/v2\/pages\/30093","targetHints":{"allow":["GET"]}}],"collection":[{"href":"https:\/\/www.iplhoses.com\/de\/wp-json\/wp\/v2\/pages"}],"about":[{"href":"https:\/\/www.iplhoses.com\/de\/wp-json\/wp\/v2\/types\/page"}],"author":[{"embeddable":true,"href":"https:\/\/www.iplhoses.com\/de\/wp-json\/wp\/v2\/users\/1"}],"replies":[{"embeddable":true,"href":"https:\/\/www.iplhoses.com\/de\/wp-json\/wp\/v2\/comments?post=30093"}],"version-history":[{"count":5,"href":"https:\/\/www.iplhoses.com\/de\/wp-json\/wp\/v2\/pages\/30093\/revisions"}],"predecessor-version":[{"id":36627,"href":"https:\/\/www.iplhoses.com\/de\/wp-json\/wp\/v2\/pages\/30093\/revisions\/36627"}],"wp:attachment":[{"href":"https:\/\/www.iplhoses.com\/de\/wp-json\/wp\/v2\/media?parent=30093"}],"curies":[{"name":"wp","href":"https:\/\/api.w.org\/{rel}","templated":true}]}}