{"id":30006,"date":"2022-11-01T19:46:27","date_gmt":"2022-11-01T18:46:27","guid":{"rendered":"https:\/\/stage.iplhoses.com\/chi-siamo\/"},"modified":"2023-06-14T11:12:13","modified_gmt":"2023-06-14T09:12:13","slug":"unternehmensprofil","status":"publish","type":"page","link":"https:\/\/www.iplhoses.com\/de\/unternehmensprofil\/","title":{"rendered":"\u00dcBER UNS"},"content":{"rendered":"<div id=\"cmsmasters_row_ngqnwwv8z\" class=\"cmsmasters_row cmsmasters_color_scheme_default cmsmasters_row_top_default cmsmasters_row_bot_default cmsmasters_row_boxed\">\n<div class=\"cmsmasters_row_outer_parent\">\n<div class=\"cmsmasters_row_outer\">\n<div class=\"cmsmasters_row_inner\">\n<div class=\"cmsmasters_row_margin\">\n<div id=\"cmsmasters_column_4b8804h2ol\" class=\"cmsmasters_column one_first\">\n<div class=\"cmsmasters_column_inner\"><div class=\"aligncenter\"><div class=\"cmsmasters_img  cmsmasters_image_c\"><img decoding=\"async\" src=\"https:\/\/www.iplhoses.com\/wp-content\/uploads\/2022\/11\/IPL-pic-from-the-top.jpg\" alt=\"IPL pic from the top\" \/><\/div><\/div>\n<\/div><\/div>\n<\/div>\n<\/div>\n<\/div>\n<\/div>\n<\/div>\n<div id=\"cmsmasters_row_\" class=\"cmsmasters_row cmsmasters_color_scheme_default cmsmasters_row_top_default cmsmasters_row_bot_default cmsmasters_row_boxed\">\n<div class=\"cmsmasters_row_outer_parent\">\n<div class=\"cmsmasters_row_outer\">\n<div class=\"cmsmasters_row_inner\">\n<div class=\"cmsmasters_row_margin\">\n<div id=\"cmsmasters_column_\" class=\"cmsmasters_column one_half\">\n<div class=\"cmsmasters_column_inner\"><div class=\"cmsmasters_text\">\n<p><a href=\"https:\/\/www.iplhoses.com\/wp-content\/uploads\/2023\/02\/Logo_IPL_Cover5.png\"><img decoding=\"async\" class=\"aligncenter size-full wp-image-36563\" src=\"https:\/\/www.iplhoses.com\/wp-content\/uploads\/2023\/02\/Logo_IPL_Cover5.png\" alt=\"ipl\" width=\"755\" height=\"300\" srcset=\"https:\/\/www.iplhoses.com\/wp-content\/uploads\/2023\/02\/Logo_IPL_Cover5.png 755w, https:\/\/www.iplhoses.com\/wp-content\/uploads\/2023\/02\/Logo_IPL_Cover5-470x187.png 470w, https:\/\/www.iplhoses.com\/wp-content\/uploads\/2023\/02\/Logo_IPL_Cover5-580x230.png 580w, https:\/\/www.iplhoses.com\/wp-content\/uploads\/2023\/02\/Logo_IPL_Cover5-360x143.png 360w\" sizes=\"(max-width: 755px) 100vw, 755px\" \/><\/a><\/p>\n<p class=\"first\">Industrie Plastiche Lombarde S.p.A. wurde Mitte der 70er Jahre gegr\u00fcndet. Heute ist es ein Unternehmen, das auf die Herstellung und den Vertrieb von flexiblen Schl\u00e4uchen aus TPU, PVC und anderen Kunststoffen spezialisiert ist.<\/p>\n<p><strong>Seit \u00fcber 40 Jahren<\/strong>\u00a0ist IPL in der\u00a0<strong>Industrie<\/strong>\u2013 und\u00a0<strong>Lebensmittelbranche<\/strong>\u00a0t\u00e4tig und verf\u00fcgt \u00fcber ein komplettes Produktsortiment, das die h\u00f6chsten Qualit\u00e4tsstandards einh\u00e4lt und effizient und flexibel kundenorientiert ist.<\/p>\n<p>Neben der konsolidierten Qualit\u00e4t der verwendeten Rohstoffe und seiner Produkte, stellt IPL den Kunden seit jeher alle Instrumente und das eigene Know-how zur Verf\u00fcgung, das durch die st\u00e4ndige Erforschung innovativer Materialien, modernster Technologien und die Verbesserung der Arbeitskompetenzen des eigenen Teams erworben wurde, um eine angemessene Unterst\u00fctzung zu gew\u00e4hrleisten und die h\u00f6chste Produktzuverl\u00e4ssigkeit zu gew\u00e4hrleisten.<\/p>\n<p>Das Unternehmen ist nach<strong>\u00a0ISO 9001: 2015 zertifiziert<\/strong>\u00a0und setzt seit fast 10 Jahren sein Produktionssystem in die Herstellung von Lebensmittel- und Pharmaschl\u00e4uchen ein. Dabei werden die Richtlinien der GMP-Zertifizierung (Good Manufacturing Practices) hinsichtlich der Prozesse, R\u00fcckverfolgbarkeit und Qualit\u00e4tskontrolle \u00fcbernommen.<\/p>\n<p><strong>Der Hauptsitz und die Produktionsst\u00e4tte befinden sich in Besozzo \u2013 Italien \u2013 auf einer gro\u00dfen Fl\u00e4che von \u00fcber 55.000 mq.<\/strong>\u00a0Dazu geh\u00f6ren auch Verwaltungs- und Handelsb\u00fcros, ein Forschungs- und Entwicklungslabor sowie zwei gro\u00dfe Lager f\u00fcr Rohstoffe und Produkte.<\/p>\n<p>Ipl bietet eine breite Palette an Industrieschl\u00e4uchen f\u00fcr die unterschiedlichsten Bereiche an: Landwirtschaft, Kunststoffindustrie, Holzverarbeitung, L\u00fcftungs- und Klimatechnik, Schiffsindustrie, Fluid Handling, Lebensmittel- und Pharmaindustrie, Chemie\/Petrochemie. Diese sind nur einige der vielen Anwendungsbereiche.<\/p>\n<p>IPL bietet seinen Kunden auch individuelle L\u00f6sungen, eine kompetente Beratung und regelm\u00e4\u00dfige Schulungen an, um die h\u00f6chsten Anforderungen zu erf\u00fcllen und das f\u00fcr die Anwendung am besten geeignete Produkt bereitzustellen. Dank einer leistungsf\u00e4higen Forschungs- und Entwicklungsabteilung stellt das Unternehmen zeitnah detaillierte und aktuelle Informationen zu Produkten, Materialien und geltenden Vorschriften bereit.<\/p>\n<p>IPL und\u00a0<strong>Lean Manufacturing<\/strong>\u00a0im Zeitalter von \u201cIndustrie 4.0\u201d.<\/p>\n<p>Um mit der \u201cVierten Industriellen Revolution\u201d Schritt zu halten, \u00fcbernahm IPL 2018 das von Toyota entwickelte\u00a0<strong>Lean Manufacturing<\/strong>\u00a0Konzept, und setzte die Programmrichtlinien in jeder Phase des Produktionsprozesses um. Das anspruchsvolle Ziel von L\u00f6sungen f\u00fcr Produktionsexzellenz und Verbesserung der Wettbewerbsf\u00e4higkeit, stellt ein echter kultureller Wandel dar, in einer Zeit, in der die Flexibilit\u00e4t f\u00fcr Ver\u00e4nderung die wichtige Grundlage f\u00fcr ein funktionierendes und \u201cbest-in-class\u201d Betriebsmodells ist.<\/p>\n<p>Im Rahmen des \u201eLean\u201c -Programms verfolgt IPL auch das Ziel, Produktionsabf\u00e4llen, die als nachteilig f\u00fcr die Produktivit\u00e4t und damit f\u00fcr die Exzellenz des Unternehmens betrachtet werden, durch einen Prozess der Rechenschaftspflicht und der Ressourcenschonung stark entgegenzuwirken.<\/p>\n<p class=\"first\">Fast ein halbes Jahrhundert Ideen, Begeisterung und gemeinsame Werte haben den Grundstein f\u00fcr eine italienische Erfolgsgeschichte gelegt.<\/p>\n<\/div>\n<\/div><\/div>\n<div id=\"cmsmasters_column_8rc4qkbjk\" class=\"cmsmasters_column one_half\">\n<div class=\"cmsmasters_column_inner\"><div class=\"aligncenter\"><div class=\"cmsmasters_img  cmsmasters_image_c with_caption\"><a href=\"https:\/\/www.iplhoses.com\/wp-content\/uploads\/2023\/01\/number-1.jpg\"><img decoding=\"async\" src=\"https:\/\/www.iplhoses.com\/wp-content\/uploads\/2023\/01\/number-1.jpg\" alt=\"IPL pic from the top\" \/><\/a><p class=\"cmsmasters_img_caption\">Der Hauptsitz und die Produktionsst\u00e4tte befinden sich in Besozzo (VA)<\/p><\/div><\/div><div class=\"aligncenter\"><div class=\"cmsmasters_img  cmsmasters_image_c with_caption\"><img decoding=\"async\" src=\"https:\/\/www.iplhoses.com\/wp-content\/uploads\/2022\/11\/about-800.jpg\" alt=\"about\" \/><p class=\"cmsmasters_img_caption\">IPL-Lager \u00dcbersicht<\/p><\/div><\/div>\n<\/div><\/div>\n<\/div>\n<\/div>\n<\/div>\n<\/div>\n<\/div>\n\n","protected":false},"excerpt":{"rendered":"","protected":false},"author":5,"featured_media":0,"parent":0,"menu_order":0,"comment_status":"closed","ping_status":"closed","template":"","meta":{"_FSMCFIC_featured_image_caption":"","_FSMCFIC_featured_image_nocaption":"","_FSMCFIC_featured_image_hide":"","footnotes":""},"class_list":["post-30006","page","type-page","status-publish","hentry"],"acf":[],"_links":{"self":[{"href":"https:\/\/www.iplhoses.com\/de\/wp-json\/wp\/v2\/pages\/30006","targetHints":{"allow":["GET"]}}],"collection":[{"href":"https:\/\/www.iplhoses.com\/de\/wp-json\/wp\/v2\/pages"}],"about":[{"href":"https:\/\/www.iplhoses.com\/de\/wp-json\/wp\/v2\/types\/page"}],"author":[{"embeddable":true,"href":"https:\/\/www.iplhoses.com\/de\/wp-json\/wp\/v2\/users\/5"}],"replies":[{"embeddable":true,"href":"https:\/\/www.iplhoses.com\/de\/wp-json\/wp\/v2\/comments?post=30006"}],"version-history":[{"count":5,"href":"https:\/\/www.iplhoses.com\/de\/wp-json\/wp\/v2\/pages\/30006\/revisions"}],"predecessor-version":[{"id":42992,"href":"https:\/\/www.iplhoses.com\/de\/wp-json\/wp\/v2\/pages\/30006\/revisions\/42992"}],"wp:attachment":[{"href":"https:\/\/www.iplhoses.com\/de\/wp-json\/wp\/v2\/media?parent=30006"}],"curies":[{"name":"wp","href":"https:\/\/api.w.org\/{rel}","templated":true}]}}